{"id":72288,"date":"2024-10-09T14:07:08","date_gmt":"2024-10-09T12:07:08","guid":{"rendered":"https:\/\/partyinabox.dk\/party\/?post_type=product&#038;p=72288"},"modified":"2026-04-15T09:33:13","modified_gmt":"2026-04-15T07:33:13","slug":"trae-konfetti-hjerte","status":"publish","type":"product","link":"https:\/\/partyinabox.dk\/party\/vare\/trae-konfetti-hjerte\/","title":{"rendered":"Tr\u00e6 konfetti hjerte"},"content":{"rendered":"<p>Smuk tr\u00e6konfetti formet som sm\u00e5 hjerter. Kan bruges til mange romantiske og s\u00f8de arrangementer som bryllup, polterabend, valentinsdag, romantisk middag eller andet.<\/p>\n<p>I og med at hjerte konfettiet er af tr\u00e6, er det nemt at rydde op og genbruge igen efterf\u00f8lgende.<\/p>\n<p>Indhold: 25 stk. \/ M\u00e5l: 1,6 x 2 x 0,5 cm<\/p>\n","protected":false},"excerpt":{"rendered":"<p>Smuk tr\u00e6konfetti formet som sm\u00e5 hjerter. Kan bruges til mange romantiske og s\u00f8de arrangementer som bryllup, polterabend, valentinsdag, romantisk middag eller andet. I og med at hjerte konfettiet er af tr\u00e6, er det nemt at rydde op og genbruge igen [&hellip;]<\/p>\n","protected":false},"featured_media":72290,"template":"","meta":{"_acf_changed":false},"product_brand":[],"product_cat":[32],"product_tag":[],"class_list":{"0":"post-72288","1":"product","2":"type-product","3":"status-publish","4":"has-post-thumbnail","6":"product_cat-service","8":"first","9":"instock","10":"taxable","11":"shipping-taxable","12":"purchasable","13":"product-type-simple"},"bundled_by":[],"bundle_stock_status":"instock","bundle_stock_quantity":2428,"bundle_virtual":false,"bundle_layout":"","bundle_add_to_cart_form_location":"","bundle_editable_in_cart":false,"bundle_sold_individually_context":"","bundle_item_grouping":"","bundle_min_size":"","bundle_max_size":"","bundle_price":[],"bundled_items":[],"bundle_sell_ids":[],"acf":[],"tiered_pricing_type":"fixed","tiered_pricing_fixed_rules":[],"tiered_pricing_product_settings":{"layout":"default","base_unit_name":{"singular":null,"plural":null},"default_variation":null},"tiered_pricing_minimum_quantity":null,"tiered_pricing_roles_data":[],"tiered_pricing_percentage_rules":[],"tiered_pricing_maximum_quantity":null,"tiered_pricing_quantity_step":null,"_links":{"self":[{"href":"https:\/\/partyinabox.dk\/party\/wp-json\/wp\/v2\/product\/72288","targetHints":{"allow":["GET"]}}],"collection":[{"href":"https:\/\/partyinabox.dk\/party\/wp-json\/wp\/v2\/product"}],"about":[{"href":"https:\/\/partyinabox.dk\/party\/wp-json\/wp\/v2\/types\/product"}],"wp:featuredmedia":[{"embeddable":true,"href":"https:\/\/partyinabox.dk\/party\/wp-json\/wp\/v2\/media\/72290"}],"wp:attachment":[{"href":"https:\/\/partyinabox.dk\/party\/wp-json\/wp\/v2\/media?parent=72288"}],"wp:term":[{"taxonomy":"product_brand","embeddable":true,"href":"https:\/\/partyinabox.dk\/party\/wp-json\/wp\/v2\/product_brand?post=72288"},{"taxonomy":"product_cat","embeddable":true,"href":"https:\/\/partyinabox.dk\/party\/wp-json\/wp\/v2\/product_cat?post=72288"},{"taxonomy":"product_tag","embeddable":true,"href":"https:\/\/partyinabox.dk\/party\/wp-json\/wp\/v2\/product_tag?post=72288"}],"curies":[{"name":"wp","href":"https:\/\/api.w.org\/{rel}","templated":true}]}}