{"id":72126,"date":"2024-10-07T09:00:17","date_gmt":"2024-10-07T07:00:17","guid":{"rendered":"https:\/\/partyinabox.dk\/party\/?post_type=product&#038;p=72126"},"modified":"2026-04-29T19:05:32","modified_gmt":"2026-04-29T17:05:32","slug":"nude-hoeje-stearinlys","status":"publish","type":"product","link":"https:\/\/partyinabox.dk\/party\/vare\/nude-hoeje-stearinlys\/","title":{"rendered":"Nude h\u00f8je stearinlys"},"content":{"rendered":"<p>Nude h\u00f8je stearinlys som passer til rigtig mange arrangementer og pynter bordet flot. Disse h\u00f8je stearinlys ville ogs\u00e5 passer flot ind i et fersken farvet tema eller hvis man \u00f8nsker en fest med neutrale eller beige farver.<\/p>\n<p>Indhold: 10 stk. \/ M\u00e5l: 24 cm (H)<\/p>\n","protected":false},"excerpt":{"rendered":"<p>Nude h\u00f8je stearinlys som passer til rigtig mange arrangementer og pynter bordet flot. Disse h\u00f8je stearinlys ville ogs\u00e5 passer flot ind i et fersken farvet tema eller hvis man \u00f8nsker en fest med neutrale eller beige farver. Indhold: 10 stk. [&hellip;]<\/p>\n","protected":false},"featured_media":72128,"template":"","meta":{"_acf_changed":false},"product_brand":[],"product_cat":[32],"product_tag":[],"class_list":{"0":"post-72126","1":"product","2":"type-product","3":"status-publish","4":"has-post-thumbnail","6":"product_cat-service","8":"first","9":"instock","10":"taxable","11":"shipping-taxable","12":"purchasable","13":"product-type-simple"},"bundled_by":[],"bundle_stock_status":"instock","bundle_stock_quantity":125,"bundle_virtual":false,"bundle_layout":"","bundle_add_to_cart_form_location":"","bundle_editable_in_cart":false,"bundle_sold_individually_context":"","bundle_item_grouping":"","bundle_min_size":"","bundle_max_size":"","bundle_price":[],"bundled_items":[],"bundle_sell_ids":[],"acf":[],"tiered_pricing_type":"fixed","tiered_pricing_fixed_rules":[],"tiered_pricing_product_settings":{"layout":"default","base_unit_name":{"singular":null,"plural":null},"default_variation":null},"tiered_pricing_minimum_quantity":null,"tiered_pricing_roles_data":[],"tiered_pricing_percentage_rules":[],"tiered_pricing_maximum_quantity":null,"tiered_pricing_quantity_step":null,"_links":{"self":[{"href":"https:\/\/partyinabox.dk\/party\/wp-json\/wp\/v2\/product\/72126","targetHints":{"allow":["GET"]}}],"collection":[{"href":"https:\/\/partyinabox.dk\/party\/wp-json\/wp\/v2\/product"}],"about":[{"href":"https:\/\/partyinabox.dk\/party\/wp-json\/wp\/v2\/types\/product"}],"wp:featuredmedia":[{"embeddable":true,"href":"https:\/\/partyinabox.dk\/party\/wp-json\/wp\/v2\/media\/72128"}],"wp:attachment":[{"href":"https:\/\/partyinabox.dk\/party\/wp-json\/wp\/v2\/media?parent=72126"}],"wp:term":[{"taxonomy":"product_brand","embeddable":true,"href":"https:\/\/partyinabox.dk\/party\/wp-json\/wp\/v2\/product_brand?post=72126"},{"taxonomy":"product_cat","embeddable":true,"href":"https:\/\/partyinabox.dk\/party\/wp-json\/wp\/v2\/product_cat?post=72126"},{"taxonomy":"product_tag","embeddable":true,"href":"https:\/\/partyinabox.dk\/party\/wp-json\/wp\/v2\/product_tag?post=72126"}],"curies":[{"name":"wp","href":"https:\/\/api.w.org\/{rel}","templated":true}]}}