{"id":72002,"date":"2024-10-04T11:12:08","date_gmt":"2024-10-04T09:12:08","guid":{"rendered":"https:\/\/partyinabox.dk\/party\/?post_type=product&#038;p=72002"},"modified":"2026-04-17T14:34:14","modified_gmt":"2026-04-17T12:34:14","slug":"blaa-80er-solskaerm","status":"publish","type":"product","link":"https:\/\/partyinabox.dk\/party\/vare\/blaa-80er-solskaerm\/","title":{"rendered":"Bl\u00e5 80&#8217;er solsk\u00e6rm"},"content":{"rendered":"<p>Bl\u00e5 farverig solsk\u00e6rm som du kan have p\u00e5 hvis du skal til 80&#8217;er fest eller udkl\u00e6dning. Den f\u00e5s ogs\u00e5 i andre farver<\/p>\n<p>Den er lavet i polyester og plast.<\/p>\n<p>Indhold: 1 stk.<\/p>\n","protected":false},"excerpt":{"rendered":"<p>Bl\u00e5 farverig solsk\u00e6rm som du kan have p\u00e5 hvis du skal til 80&#8217;er fest eller udkl\u00e6dning. Den f\u00e5s ogs\u00e5 i andre farver Den er lavet i polyester og plast. Indhold: 1 stk.<\/p>\n","protected":false},"featured_media":72003,"template":"","meta":{"_acf_changed":false},"product_brand":[],"product_cat":[34],"product_tag":[],"class_list":{"0":"post-72002","1":"product","2":"type-product","3":"status-publish","4":"has-post-thumbnail","6":"product_cat-accessories","8":"first","9":"instock","10":"taxable","11":"shipping-taxable","12":"purchasable","13":"product-type-simple"},"bundled_by":[],"bundle_stock_status":"instock","bundle_stock_quantity":154,"bundle_virtual":false,"bundle_layout":"","bundle_add_to_cart_form_location":"","bundle_editable_in_cart":false,"bundle_sold_individually_context":"","bundle_item_grouping":"","bundle_min_size":"","bundle_max_size":"","bundle_price":[],"bundled_items":[],"bundle_sell_ids":[],"acf":[],"tiered_pricing_type":"fixed","tiered_pricing_fixed_rules":[],"tiered_pricing_product_settings":{"layout":"default","base_unit_name":{"singular":null,"plural":null},"default_variation":null},"tiered_pricing_minimum_quantity":null,"tiered_pricing_roles_data":[],"tiered_pricing_percentage_rules":[],"tiered_pricing_maximum_quantity":null,"tiered_pricing_quantity_step":null,"_links":{"self":[{"href":"https:\/\/partyinabox.dk\/party\/wp-json\/wp\/v2\/product\/72002","targetHints":{"allow":["GET"]}}],"collection":[{"href":"https:\/\/partyinabox.dk\/party\/wp-json\/wp\/v2\/product"}],"about":[{"href":"https:\/\/partyinabox.dk\/party\/wp-json\/wp\/v2\/types\/product"}],"wp:featuredmedia":[{"embeddable":true,"href":"https:\/\/partyinabox.dk\/party\/wp-json\/wp\/v2\/media\/72003"}],"wp:attachment":[{"href":"https:\/\/partyinabox.dk\/party\/wp-json\/wp\/v2\/media?parent=72002"}],"wp:term":[{"taxonomy":"product_brand","embeddable":true,"href":"https:\/\/partyinabox.dk\/party\/wp-json\/wp\/v2\/product_brand?post=72002"},{"taxonomy":"product_cat","embeddable":true,"href":"https:\/\/partyinabox.dk\/party\/wp-json\/wp\/v2\/product_cat?post=72002"},{"taxonomy":"product_tag","embeddable":true,"href":"https:\/\/partyinabox.dk\/party\/wp-json\/wp\/v2\/product_tag?post=72002"}],"curies":[{"name":"wp","href":"https:\/\/api.w.org\/{rel}","templated":true}]}}