{"id":71813,"date":"2024-10-02T11:24:41","date_gmt":"2024-10-02T09:24:41","guid":{"rendered":"https:\/\/partyinabox.dk\/party\/?post_type=product&#038;p=71813"},"modified":"2026-03-13T11:15:18","modified_gmt":"2026-03-13T10:15:18","slug":"rosa-honeycomb-saet","status":"publish","type":"product","link":"https:\/\/partyinabox.dk\/party\/vare\/rosa-honeycomb-saet\/","title":{"rendered":"Rosa honeycomb s\u00e6t"},"content":{"rendered":"<p>Flot lyser\u00f8d \/ rosa honey comb s\u00e6t med 3 forskellige st\u00f8rrelser i pakken. Passer super flot til barned\u00e5b, babyshower, f\u00f8dselsdag eller anden festlig lejlighed, hvor lyser\u00f8d og rosa er den gennemg\u00e5ende farve.<\/p>\n<p>Indhold: 3 stk. \/ M\u00e5l: 15\/20\/30 cm<\/p>\n","protected":false},"excerpt":{"rendered":"<p>Flot lyser\u00f8d \/ rosa honey comb s\u00e6t med 3 forskellige st\u00f8rrelser i pakken. Passer super flot til barned\u00e5b, babyshower, f\u00f8dselsdag eller anden festlig lejlighed, hvor lyser\u00f8d og rosa er den gennemg\u00e5ende farve. Indhold: 3 stk. \/ M\u00e5l: 15\/20\/30 cm<\/p>\n","protected":false},"featured_media":71814,"template":"","meta":{"_acf_changed":false},"product_brand":[],"product_cat":[31],"product_tag":[],"class_list":{"0":"post-71813","1":"product","2":"type-product","3":"status-publish","4":"has-post-thumbnail","6":"product_cat-til-loftet","8":"first","9":"outofstock","10":"taxable","11":"shipping-taxable","12":"purchasable","13":"product-type-simple"},"bundled_by":[],"bundle_stock_status":"outofstock","bundle_stock_quantity":0,"bundle_virtual":false,"bundle_layout":"","bundle_add_to_cart_form_location":"","bundle_editable_in_cart":false,"bundle_sold_individually_context":"","bundle_item_grouping":"","bundle_min_size":"","bundle_max_size":"","bundle_price":[],"bundled_items":[],"bundle_sell_ids":[],"acf":[],"tiered_pricing_type":"fixed","tiered_pricing_fixed_rules":[],"tiered_pricing_product_settings":{"layout":"default","base_unit_name":{"singular":null,"plural":null},"default_variation":null},"tiered_pricing_minimum_quantity":null,"tiered_pricing_roles_data":[],"tiered_pricing_percentage_rules":[],"tiered_pricing_maximum_quantity":null,"tiered_pricing_quantity_step":null,"_links":{"self":[{"href":"https:\/\/partyinabox.dk\/party\/wp-json\/wp\/v2\/product\/71813","targetHints":{"allow":["GET"]}}],"collection":[{"href":"https:\/\/partyinabox.dk\/party\/wp-json\/wp\/v2\/product"}],"about":[{"href":"https:\/\/partyinabox.dk\/party\/wp-json\/wp\/v2\/types\/product"}],"wp:featuredmedia":[{"embeddable":true,"href":"https:\/\/partyinabox.dk\/party\/wp-json\/wp\/v2\/media\/71814"}],"wp:attachment":[{"href":"https:\/\/partyinabox.dk\/party\/wp-json\/wp\/v2\/media?parent=71813"}],"wp:term":[{"taxonomy":"product_brand","embeddable":true,"href":"https:\/\/partyinabox.dk\/party\/wp-json\/wp\/v2\/product_brand?post=71813"},{"taxonomy":"product_cat","embeddable":true,"href":"https:\/\/partyinabox.dk\/party\/wp-json\/wp\/v2\/product_cat?post=71813"},{"taxonomy":"product_tag","embeddable":true,"href":"https:\/\/partyinabox.dk\/party\/wp-json\/wp\/v2\/product_tag?post=71813"}],"curies":[{"name":"wp","href":"https:\/\/api.w.org\/{rel}","templated":true}]}}