{"id":71690,"date":"2024-10-01T09:10:32","date_gmt":"2024-10-01T07:10:32","guid":{"rendered":"https:\/\/partyinabox.dk\/party\/?post_type=product&#038;p=71690"},"modified":"2026-05-01T09:57:15","modified_gmt":"2026-05-01T07:57:15","slug":"roed-loeber-til-gulvet","status":"publish","type":"product","link":"https:\/\/partyinabox.dk\/party\/vare\/roed-loeber-til-gulvet\/","title":{"rendered":"R\u00f8d l\u00f8ber til gulvet"},"content":{"rendered":"<p>Flot r\u00f8d gulvl\u00f8ber med skridtsikkert underlag, der er med det at skabe en flot velkomst til festen. Denne gulvl\u00f8ber kr\u00f8ller ikke og er lidt tykkere end normalt, s\u00e5 den holder bedre.<\/p>\n<p>Indhold: 1 stk., 100% polyester, \/ M\u00e5l: 0,8 x 3 m (B x L)<\/p>\n","protected":false},"excerpt":{"rendered":"<p>Flot r\u00f8d gulvl\u00f8ber med skridtsikkert underlag, der er med det at skabe en flot velkomst til festen. Denne gulvl\u00f8ber kr\u00f8ller ikke og er lidt tykkere end normalt, s\u00e5 den holder bedre. Indhold: 1 stk., 100% polyester, \/ M\u00e5l: 0,8 x [&hellip;]<\/p>\n","protected":false},"featured_media":71691,"template":"","meta":{"_acf_changed":false},"product_brand":[],"product_cat":[19,34],"product_tag":[],"class_list":{"0":"post-71690","1":"product","2":"type-product","3":"status-publish","4":"has-post-thumbnail","6":"product_cat-pynt","7":"product_cat-accessories","9":"first","10":"instock","11":"taxable","12":"shipping-taxable","13":"purchasable","14":"product-type-simple"},"bundled_by":[],"bundle_stock_status":"instock","bundle_stock_quantity":811,"bundle_virtual":false,"bundle_layout":"","bundle_add_to_cart_form_location":"","bundle_editable_in_cart":false,"bundle_sold_individually_context":"","bundle_item_grouping":"","bundle_min_size":"","bundle_max_size":"","bundle_price":[],"bundled_items":[],"bundle_sell_ids":[],"acf":[],"tiered_pricing_type":"fixed","tiered_pricing_fixed_rules":[],"tiered_pricing_product_settings":{"layout":"default","base_unit_name":{"singular":null,"plural":null},"default_variation":null},"tiered_pricing_minimum_quantity":null,"tiered_pricing_roles_data":[],"tiered_pricing_percentage_rules":[],"tiered_pricing_maximum_quantity":null,"tiered_pricing_quantity_step":null,"_links":{"self":[{"href":"https:\/\/partyinabox.dk\/party\/wp-json\/wp\/v2\/product\/71690","targetHints":{"allow":["GET"]}}],"collection":[{"href":"https:\/\/partyinabox.dk\/party\/wp-json\/wp\/v2\/product"}],"about":[{"href":"https:\/\/partyinabox.dk\/party\/wp-json\/wp\/v2\/types\/product"}],"wp:featuredmedia":[{"embeddable":true,"href":"https:\/\/partyinabox.dk\/party\/wp-json\/wp\/v2\/media\/71691"}],"wp:attachment":[{"href":"https:\/\/partyinabox.dk\/party\/wp-json\/wp\/v2\/media?parent=71690"}],"wp:term":[{"taxonomy":"product_brand","embeddable":true,"href":"https:\/\/partyinabox.dk\/party\/wp-json\/wp\/v2\/product_brand?post=71690"},{"taxonomy":"product_cat","embeddable":true,"href":"https:\/\/partyinabox.dk\/party\/wp-json\/wp\/v2\/product_cat?post=71690"},{"taxonomy":"product_tag","embeddable":true,"href":"https:\/\/partyinabox.dk\/party\/wp-json\/wp\/v2\/product_tag?post=71690"}],"curies":[{"name":"wp","href":"https:\/\/api.w.org\/{rel}","templated":true}]}}