{"id":71452,"date":"2024-09-26T00:00:00","date_gmt":"2024-09-25T22:00:00","guid":{"rendered":"https:\/\/partyinabox.dk\/party\/?post_type=product&#038;p=71452"},"modified":"2026-04-14T11:37:21","modified_gmt":"2026-04-14T09:37:21","slug":"lyseroed-slikpose","status":"publish","type":"product","link":"https:\/\/partyinabox.dk\/party\/vare\/lyseroed-slikpose\/","title":{"rendered":"Lyser\u00f8d slikpose"},"content":{"rendered":"<p>S\u00f8de og flotte poser i hvide med lyser\u00f8de prikker. Super fine til at have slik eller snacks i og nemme at dele ud i institutionen eller til en b\u00f8rnef\u00f8dselsdag.<\/p>\n<p>Indhold 10 stk. \/ M\u00e5l: 11 x 17 cm<\/p>\n","protected":false},"excerpt":{"rendered":"<p>S\u00f8de og flotte poser i hvide med lyser\u00f8de prikker. Super fine til at have slik eller snacks i og nemme at dele ud i institutionen eller til en b\u00f8rnef\u00f8dselsdag. Indhold 10 stk. \/ M\u00e5l: 11 x 17 cm<\/p>\n","protected":false},"featured_media":71453,"template":"","meta":{"_acf_changed":false},"product_brand":[],"product_cat":[34],"product_tag":[],"class_list":{"0":"post-71452","1":"product","2":"type-product","3":"status-publish","4":"has-post-thumbnail","6":"product_cat-accessories","8":"first","9":"instock","10":"taxable","11":"shipping-taxable","12":"purchasable","13":"product-type-simple"},"bundled_by":[],"bundle_stock_status":"instock","bundle_stock_quantity":14,"bundle_virtual":false,"bundle_layout":"","bundle_add_to_cart_form_location":"","bundle_editable_in_cart":false,"bundle_sold_individually_context":"","bundle_item_grouping":"","bundle_min_size":"","bundle_max_size":"","bundle_price":[],"bundled_items":[],"bundle_sell_ids":[],"acf":[],"tiered_pricing_type":"fixed","tiered_pricing_fixed_rules":[],"tiered_pricing_product_settings":{"layout":"default","base_unit_name":{"singular":null,"plural":null},"default_variation":null},"tiered_pricing_minimum_quantity":null,"tiered_pricing_roles_data":[],"tiered_pricing_percentage_rules":[],"tiered_pricing_maximum_quantity":null,"tiered_pricing_quantity_step":null,"_links":{"self":[{"href":"https:\/\/partyinabox.dk\/party\/wp-json\/wp\/v2\/product\/71452","targetHints":{"allow":["GET"]}}],"collection":[{"href":"https:\/\/partyinabox.dk\/party\/wp-json\/wp\/v2\/product"}],"about":[{"href":"https:\/\/partyinabox.dk\/party\/wp-json\/wp\/v2\/types\/product"}],"wp:featuredmedia":[{"embeddable":true,"href":"https:\/\/partyinabox.dk\/party\/wp-json\/wp\/v2\/media\/71453"}],"wp:attachment":[{"href":"https:\/\/partyinabox.dk\/party\/wp-json\/wp\/v2\/media?parent=71452"}],"wp:term":[{"taxonomy":"product_brand","embeddable":true,"href":"https:\/\/partyinabox.dk\/party\/wp-json\/wp\/v2\/product_brand?post=71452"},{"taxonomy":"product_cat","embeddable":true,"href":"https:\/\/partyinabox.dk\/party\/wp-json\/wp\/v2\/product_cat?post=71452"},{"taxonomy":"product_tag","embeddable":true,"href":"https:\/\/partyinabox.dk\/party\/wp-json\/wp\/v2\/product_tag?post=71452"}],"curies":[{"name":"wp","href":"https:\/\/api.w.org\/{rel}","templated":true}]}}