{"id":71444,"date":"2024-09-26T00:00:00","date_gmt":"2024-09-25T22:00:00","guid":{"rendered":"https:\/\/partyinabox.dk\/party\/?post_type=product&#038;p=71444"},"modified":"2026-04-08T16:05:43","modified_gmt":"2026-04-08T14:05:43","slug":"graeskar-slikpose-klistermaerke","status":"publish","type":"product","link":"https:\/\/partyinabox.dk\/party\/vare\/graeskar-slikpose-klistermaerke\/","title":{"rendered":"Gr\u00e6skar slikpose &#038; klisterm\u00e6rke"},"content":{"rendered":"<p>S\u00f8de gr\u00e6skar sliposer og klisterm\u00e6rker der er super fine til halloween.<\/p>\n<p>De kan fx bruges til at dele ud i institutioner eller til dem der kommer og laver &#8220;Trick &amp; treat&#8221;<\/p>\n<p>Indhold: 12 stk. \/ M\u00e5l: 13 x 25 x 8 cm<\/p>\n","protected":false},"excerpt":{"rendered":"<p>S\u00f8de gr\u00e6skar sliposer og klisterm\u00e6rker der er super fine til halloween. De kan fx bruges til at dele ud i institutioner eller til dem der kommer og laver &#8220;Trick &amp; treat&#8221; Indhold: 12 stk. \/ M\u00e5l: 13 x 25 x [&hellip;]<\/p>\n","protected":false},"featured_media":71445,"template":"","meta":{"_acf_changed":false},"product_brand":[],"product_cat":[34],"product_tag":[],"class_list":{"0":"post-71444","1":"product","2":"type-product","3":"status-publish","4":"has-post-thumbnail","6":"product_cat-accessories","8":"first","9":"instock","10":"taxable","11":"shipping-taxable","12":"purchasable","13":"product-type-simple"},"bundled_by":[],"bundle_stock_status":"instock","bundle_stock_quantity":8,"bundle_virtual":false,"bundle_layout":"","bundle_add_to_cart_form_location":"","bundle_editable_in_cart":false,"bundle_sold_individually_context":"","bundle_item_grouping":"","bundle_min_size":"","bundle_max_size":"","bundle_price":[],"bundled_items":[],"bundle_sell_ids":[],"acf":[],"tiered_pricing_type":"fixed","tiered_pricing_fixed_rules":[],"tiered_pricing_product_settings":{"layout":"default","base_unit_name":{"singular":null,"plural":null},"default_variation":null},"tiered_pricing_minimum_quantity":null,"tiered_pricing_roles_data":[],"tiered_pricing_percentage_rules":[],"tiered_pricing_maximum_quantity":null,"tiered_pricing_quantity_step":null,"_links":{"self":[{"href":"https:\/\/partyinabox.dk\/party\/wp-json\/wp\/v2\/product\/71444","targetHints":{"allow":["GET"]}}],"collection":[{"href":"https:\/\/partyinabox.dk\/party\/wp-json\/wp\/v2\/product"}],"about":[{"href":"https:\/\/partyinabox.dk\/party\/wp-json\/wp\/v2\/types\/product"}],"wp:featuredmedia":[{"embeddable":true,"href":"https:\/\/partyinabox.dk\/party\/wp-json\/wp\/v2\/media\/71445"}],"wp:attachment":[{"href":"https:\/\/partyinabox.dk\/party\/wp-json\/wp\/v2\/media?parent=71444"}],"wp:term":[{"taxonomy":"product_brand","embeddable":true,"href":"https:\/\/partyinabox.dk\/party\/wp-json\/wp\/v2\/product_brand?post=71444"},{"taxonomy":"product_cat","embeddable":true,"href":"https:\/\/partyinabox.dk\/party\/wp-json\/wp\/v2\/product_cat?post=71444"},{"taxonomy":"product_tag","embeddable":true,"href":"https:\/\/partyinabox.dk\/party\/wp-json\/wp\/v2\/product_tag?post=71444"}],"curies":[{"name":"wp","href":"https:\/\/api.w.org\/{rel}","templated":true}]}}