{"id":71291,"date":"2024-09-24T00:00:00","date_gmt":"2024-09-23T22:00:00","guid":{"rendered":"https:\/\/partyinabox.dk\/party\/?post_type=product&#038;p=71291"},"modified":"2026-03-16T14:25:29","modified_gmt":"2026-03-16T13:25:29","slug":"sort-fortnite-folie-banner-victory-royale","status":"publish","type":"product","link":"https:\/\/partyinabox.dk\/party\/vare\/sort-fortnite-folie-banner-victory-royale\/","title":{"rendered":"Sort Fortnite folie banner &#8220;Victory royale&#8221;"},"content":{"rendered":"<p>Indeholder 13 sorte folie bogstaver som skal pustes op med luft og kan s\u00e6tter p\u00e5 en snor s\u00e5 den danner en banner guirlande, hvorp\u00e5 der kan st\u00e5 &#8220;Victory royale&#8221;.<\/p>\n<p>Der er hvid snor med i pakken og suger\u00f8r til at puste folie balloner op. Snoren m\u00e5ler 4,26 meter.<\/p>\n<p>Indhold: 1 stk. \/ M\u00e5l: L4,26 m og H19 cm<\/p>\n","protected":false},"excerpt":{"rendered":"<p>Indeholder 13 sorte folie bogstaver som skal pustes op med luft og kan s\u00e6tter p\u00e5 en snor s\u00e5 den danner en banner guirlande, hvorp\u00e5 der kan st\u00e5 &#8220;Victory royale&#8221;. Der er hvid snor med i pakken og suger\u00f8r til at [&hellip;]<\/p>\n","protected":false},"featured_media":71293,"template":"","meta":{"_acf_changed":false},"product_brand":[],"product_cat":[19],"product_tag":[],"class_list":{"0":"post-71291","1":"product","2":"type-product","3":"status-publish","4":"has-post-thumbnail","6":"product_cat-pynt","8":"first","9":"instock","10":"taxable","11":"shipping-taxable","12":"purchasable","13":"product-type-simple"},"bundled_by":[],"bundle_stock_status":"instock","bundle_stock_quantity":98,"bundle_virtual":false,"bundle_layout":"","bundle_add_to_cart_form_location":"","bundle_editable_in_cart":false,"bundle_sold_individually_context":"","bundle_item_grouping":"","bundle_min_size":"","bundle_max_size":"","bundle_price":[],"bundled_items":[],"bundle_sell_ids":[],"acf":[],"tiered_pricing_type":"fixed","tiered_pricing_fixed_rules":[],"tiered_pricing_product_settings":{"layout":"default","base_unit_name":{"singular":null,"plural":null},"default_variation":null},"tiered_pricing_minimum_quantity":null,"tiered_pricing_roles_data":[],"tiered_pricing_percentage_rules":[],"tiered_pricing_maximum_quantity":null,"tiered_pricing_quantity_step":null,"_links":{"self":[{"href":"https:\/\/partyinabox.dk\/party\/wp-json\/wp\/v2\/product\/71291","targetHints":{"allow":["GET"]}}],"collection":[{"href":"https:\/\/partyinabox.dk\/party\/wp-json\/wp\/v2\/product"}],"about":[{"href":"https:\/\/partyinabox.dk\/party\/wp-json\/wp\/v2\/types\/product"}],"wp:featuredmedia":[{"embeddable":true,"href":"https:\/\/partyinabox.dk\/party\/wp-json\/wp\/v2\/media\/71293"}],"wp:attachment":[{"href":"https:\/\/partyinabox.dk\/party\/wp-json\/wp\/v2\/media?parent=71291"}],"wp:term":[{"taxonomy":"product_brand","embeddable":true,"href":"https:\/\/partyinabox.dk\/party\/wp-json\/wp\/v2\/product_brand?post=71291"},{"taxonomy":"product_cat","embeddable":true,"href":"https:\/\/partyinabox.dk\/party\/wp-json\/wp\/v2\/product_cat?post=71291"},{"taxonomy":"product_tag","embeddable":true,"href":"https:\/\/partyinabox.dk\/party\/wp-json\/wp\/v2\/product_tag?post=71291"}],"curies":[{"name":"wp","href":"https:\/\/api.w.org\/{rel}","templated":true}]}}