{"id":70935,"date":"2024-09-18T11:09:05","date_gmt":"2024-09-18T09:09:05","guid":{"rendered":"https:\/\/partyinabox.dk\/party\/?post_type=product&#038;p=70935"},"modified":"2026-04-16T15:27:16","modified_gmt":"2026-04-16T13:27:16","slug":"bamse-gavepose","status":"publish","type":"product","link":"https:\/\/partyinabox.dk\/party\/vare\/bamse-gavepose\/","title":{"rendered":"Bamse gavepose"},"content":{"rendered":"<p>S\u00f8d gavepose med en brun bamse, der kan bruges til at give fx gaver i.<\/p>\n<p>Kan bruges b\u00e5de hvis man skal holde b\u00f8rnef\u00f8dselsdag, men kan ogs\u00e5 bruges hvis man fx skal til barned\u00e5b, f\u00f8dselsdag eller anden fest<\/p>\n<p>Indhold: 1 stk. \/ M\u00e5l: 18 x 29 x 10,5 cm<\/p>\n","protected":false},"excerpt":{"rendered":"<p>S\u00f8d gavepose med en brun bamse, der kan bruges til at give fx gaver i. Kan bruges b\u00e5de hvis man skal holde b\u00f8rnef\u00f8dselsdag, men kan ogs\u00e5 bruges hvis man fx skal til barned\u00e5b, f\u00f8dselsdag eller anden fest Indhold: 1 stk. [&hellip;]<\/p>\n","protected":false},"featured_media":70936,"template":"","meta":{"_acf_changed":false},"product_brand":[],"product_cat":[34],"product_tag":[],"class_list":{"0":"post-70935","1":"product","2":"type-product","3":"status-publish","4":"has-post-thumbnail","6":"product_cat-accessories","8":"first","9":"instock","10":"taxable","11":"shipping-taxable","12":"purchasable","13":"product-type-simple"},"bundled_by":[],"bundle_stock_status":"instock","bundle_stock_quantity":45,"bundle_virtual":false,"bundle_layout":"","bundle_add_to_cart_form_location":"","bundle_editable_in_cart":false,"bundle_sold_individually_context":"","bundle_item_grouping":"","bundle_min_size":"","bundle_max_size":"","bundle_price":[],"bundled_items":[],"bundle_sell_ids":[],"acf":[],"tiered_pricing_type":"fixed","tiered_pricing_fixed_rules":[],"tiered_pricing_product_settings":{"layout":"default","base_unit_name":{"singular":null,"plural":null},"default_variation":null},"tiered_pricing_minimum_quantity":null,"tiered_pricing_roles_data":[],"tiered_pricing_percentage_rules":[],"tiered_pricing_maximum_quantity":null,"tiered_pricing_quantity_step":null,"_links":{"self":[{"href":"https:\/\/partyinabox.dk\/party\/wp-json\/wp\/v2\/product\/70935","targetHints":{"allow":["GET"]}}],"collection":[{"href":"https:\/\/partyinabox.dk\/party\/wp-json\/wp\/v2\/product"}],"about":[{"href":"https:\/\/partyinabox.dk\/party\/wp-json\/wp\/v2\/types\/product"}],"wp:featuredmedia":[{"embeddable":true,"href":"https:\/\/partyinabox.dk\/party\/wp-json\/wp\/v2\/media\/70936"}],"wp:attachment":[{"href":"https:\/\/partyinabox.dk\/party\/wp-json\/wp\/v2\/media?parent=70935"}],"wp:term":[{"taxonomy":"product_brand","embeddable":true,"href":"https:\/\/partyinabox.dk\/party\/wp-json\/wp\/v2\/product_brand?post=70935"},{"taxonomy":"product_cat","embeddable":true,"href":"https:\/\/partyinabox.dk\/party\/wp-json\/wp\/v2\/product_cat?post=70935"},{"taxonomy":"product_tag","embeddable":true,"href":"https:\/\/partyinabox.dk\/party\/wp-json\/wp\/v2\/product_tag?post=70935"}],"curies":[{"name":"wp","href":"https:\/\/api.w.org\/{rel}","templated":true}]}}