{"id":70566,"date":"2024-09-13T12:35:17","date_gmt":"2024-09-13T10:35:17","guid":{"rendered":"https:\/\/partyinabox.dk\/party\/?post_type=product&#038;p=70566"},"modified":"2026-03-19T13:10:44","modified_gmt":"2026-03-19T12:10:44","slug":"iridescent-honeycomb-xlarge","status":"publish","type":"product","link":"https:\/\/partyinabox.dk\/party\/vare\/iridescent-honeycomb-xlarge\/","title":{"rendered":"Iridescent honeycomb xlarge"},"content":{"rendered":"<p>De flotteste iridesecnt honeycomb som er med til at pynte rummet, lige meget om det er en b\u00f8rnef\u00f8dselsdag der skal holdes, om det er til jul eller noget helt andet.<\/p>\n<p>Kan h\u00e6nges i loftet og\u00a0 f\u00e5s i flere st\u00f8rrelser.<\/p>\n<p>Indhold: 1 stk \/ M\u00e5l: 30 cm<\/p>\n","protected":false},"excerpt":{"rendered":"<p>De flotteste iridesecnt honeycomb som er med til at pynte rummet, lige meget om det er en b\u00f8rnef\u00f8dselsdag der skal holdes, om det er til jul eller noget helt andet. Kan h\u00e6nges i loftet og\u00a0 f\u00e5s i flere st\u00f8rrelser. Indhold: [&hellip;]<\/p>\n","protected":false},"featured_media":75249,"template":"","meta":{"_acf_changed":false},"product_brand":[],"product_cat":[19,31],"product_tag":[],"class_list":{"0":"post-70566","1":"product","2":"type-product","3":"status-publish","4":"has-post-thumbnail","6":"product_cat-pynt","7":"product_cat-til-loftet","9":"first","10":"instock","11":"taxable","12":"shipping-taxable","13":"purchasable","14":"product-type-simple"},"bundled_by":[],"bundle_stock_status":"instock","bundle_stock_quantity":24,"bundle_virtual":false,"bundle_layout":"","bundle_add_to_cart_form_location":"","bundle_editable_in_cart":false,"bundle_sold_individually_context":"","bundle_item_grouping":"","bundle_min_size":"","bundle_max_size":"","bundle_price":[],"bundled_items":[],"bundle_sell_ids":[],"acf":[],"tiered_pricing_type":"fixed","tiered_pricing_fixed_rules":[],"tiered_pricing_product_settings":{"layout":"default","base_unit_name":{"singular":null,"plural":null},"default_variation":null},"tiered_pricing_minimum_quantity":null,"tiered_pricing_roles_data":[],"tiered_pricing_percentage_rules":[],"tiered_pricing_maximum_quantity":null,"tiered_pricing_quantity_step":null,"_links":{"self":[{"href":"https:\/\/partyinabox.dk\/party\/wp-json\/wp\/v2\/product\/70566","targetHints":{"allow":["GET"]}}],"collection":[{"href":"https:\/\/partyinabox.dk\/party\/wp-json\/wp\/v2\/product"}],"about":[{"href":"https:\/\/partyinabox.dk\/party\/wp-json\/wp\/v2\/types\/product"}],"wp:featuredmedia":[{"embeddable":true,"href":"https:\/\/partyinabox.dk\/party\/wp-json\/wp\/v2\/media\/75249"}],"wp:attachment":[{"href":"https:\/\/partyinabox.dk\/party\/wp-json\/wp\/v2\/media?parent=70566"}],"wp:term":[{"taxonomy":"product_brand","embeddable":true,"href":"https:\/\/partyinabox.dk\/party\/wp-json\/wp\/v2\/product_brand?post=70566"},{"taxonomy":"product_cat","embeddable":true,"href":"https:\/\/partyinabox.dk\/party\/wp-json\/wp\/v2\/product_cat?post=70566"},{"taxonomy":"product_tag","embeddable":true,"href":"https:\/\/partyinabox.dk\/party\/wp-json\/wp\/v2\/product_tag?post=70566"}],"curies":[{"name":"wp","href":"https:\/\/api.w.org\/{rel}","templated":true}]}}