{"id":70522,"date":"2025-12-02T00:00:00","date_gmt":"2025-12-01T23:00:00","guid":{"rendered":"https:\/\/partyinabox.dk\/party\/?post_type=product&#038;p=70522"},"modified":"2026-04-15T11:06:34","modified_gmt":"2026-04-15T09:06:34","slug":"haengende-sommerfugl","status":"publish","type":"product","link":"https:\/\/partyinabox.dk\/party\/vare\/haengende-sommerfugl\/","title":{"rendered":"H\u00e6ngende sommerfugl"},"content":{"rendered":"<p>Flotte h\u00e6ngende sommerfugle i 3 forskellige farver. Du bestemmer selv l\u00e6ngden p\u00e5 snoren (l\u00e6ngde maks. 106 cm inkl. sommerfugle). Det er i alt 3 snore med i pakken med i alt 7 sommerfugle p\u00e5, som kan h\u00e6nges op og pynte rummet.<\/p>\n<p>Sommerfuglene er rosa, lilla og mint gr\u00f8n.<\/p>\n<p>Indhold: 1 s\u00e6t med 3 snore \/ M\u00e5l: Maks. h 106 cm<\/p>\n","protected":false},"excerpt":{"rendered":"<p>Flotte h\u00e6ngende sommerfugle i 3 forskellige farver. Du bestemmer selv l\u00e6ngden p\u00e5 snoren (l\u00e6ngde maks. 106 cm inkl. sommerfugle). Det er i alt 3 snore med i pakken med i alt 7 sommerfugle p\u00e5, som kan h\u00e6nges op og pynte [&hellip;]<\/p>\n","protected":false},"featured_media":70519,"template":"","meta":{"_acf_changed":false},"product_brand":[],"product_cat":[19,31],"product_tag":[],"class_list":{"0":"post-70522","1":"product","2":"type-product","3":"status-publish","4":"has-post-thumbnail","6":"product_cat-pynt","7":"product_cat-til-loftet","9":"first","10":"instock","11":"taxable","12":"shipping-taxable","13":"purchasable","14":"product-type-simple"},"bundled_by":[],"bundle_stock_status":"instock","bundle_stock_quantity":76,"bundle_virtual":false,"bundle_layout":"","bundle_add_to_cart_form_location":"","bundle_editable_in_cart":false,"bundle_sold_individually_context":"","bundle_item_grouping":"","bundle_min_size":"","bundle_max_size":"","bundle_price":[],"bundled_items":[],"bundle_sell_ids":[],"acf":[],"tiered_pricing_type":"fixed","tiered_pricing_fixed_rules":[],"tiered_pricing_product_settings":{"layout":"default","base_unit_name":{"singular":null,"plural":null},"default_variation":null},"tiered_pricing_minimum_quantity":null,"tiered_pricing_roles_data":[],"tiered_pricing_percentage_rules":[],"tiered_pricing_maximum_quantity":null,"tiered_pricing_quantity_step":null,"_links":{"self":[{"href":"https:\/\/partyinabox.dk\/party\/wp-json\/wp\/v2\/product\/70522","targetHints":{"allow":["GET"]}}],"collection":[{"href":"https:\/\/partyinabox.dk\/party\/wp-json\/wp\/v2\/product"}],"about":[{"href":"https:\/\/partyinabox.dk\/party\/wp-json\/wp\/v2\/types\/product"}],"wp:featuredmedia":[{"embeddable":true,"href":"https:\/\/partyinabox.dk\/party\/wp-json\/wp\/v2\/media\/70519"}],"wp:attachment":[{"href":"https:\/\/partyinabox.dk\/party\/wp-json\/wp\/v2\/media?parent=70522"}],"wp:term":[{"taxonomy":"product_brand","embeddable":true,"href":"https:\/\/partyinabox.dk\/party\/wp-json\/wp\/v2\/product_brand?post=70522"},{"taxonomy":"product_cat","embeddable":true,"href":"https:\/\/partyinabox.dk\/party\/wp-json\/wp\/v2\/product_cat?post=70522"},{"taxonomy":"product_tag","embeddable":true,"href":"https:\/\/partyinabox.dk\/party\/wp-json\/wp\/v2\/product_tag?post=70522"}],"curies":[{"name":"wp","href":"https:\/\/api.w.org\/{rel}","templated":true}]}}