{"id":69443,"date":"2024-08-29T12:49:42","date_gmt":"2024-08-29T10:49:42","guid":{"rendered":"https:\/\/partyinabox.dk\/party\/?post_type=product&#038;p=69443"},"modified":"2026-04-29T15:15:16","modified_gmt":"2026-04-29T13:15:16","slug":"spiderman-crime-fighter-hat","status":"publish","type":"product","link":"https:\/\/partyinabox.dk\/party\/vare\/spiderman-crime-fighter-hat\/","title":{"rendered":"Spiderman crime fighter hat"},"content":{"rendered":"<p>Pynt dig selv og g\u00e6sterne med denne seje Spiderman hat. Der er 6 styk i en pakke og \u00f8nsker man flere eller bliver man flere kan der altid k\u00f8bes flere pakker.<\/p>\n<p>Mega seje hvis dit barn godt kan lide Spiderman og \u00f8nsker at holde en f\u00f8dselsdag hvor Spiderman eller superhelt er temaet.<\/p>\n","protected":false},"excerpt":{"rendered":"<p>Pynt dig selv og g\u00e6sterne med denne seje Spiderman hat. Der er 6 styk i en pakke og \u00f8nsker man flere eller bliver man flere kan der altid k\u00f8bes flere pakker. Mega seje hvis dit barn godt kan lide Spiderman [&hellip;]<\/p>\n","protected":false},"featured_media":69445,"template":"","meta":{"_acf_changed":false},"product_brand":[],"product_cat":[34],"product_tag":[],"class_list":{"0":"post-69443","1":"product","2":"type-product","3":"status-publish","4":"has-post-thumbnail","6":"product_cat-accessories","8":"first","9":"instock","10":"taxable","11":"shipping-taxable","12":"purchasable","13":"product-type-simple"},"bundled_by":[],"bundle_stock_status":"instock","bundle_stock_quantity":24,"bundle_virtual":false,"bundle_layout":"","bundle_add_to_cart_form_location":"","bundle_editable_in_cart":false,"bundle_sold_individually_context":"","bundle_item_grouping":"","bundle_min_size":"","bundle_max_size":"","bundle_price":[],"bundled_items":[],"bundle_sell_ids":[],"acf":[],"tiered_pricing_type":"fixed","tiered_pricing_fixed_rules":[],"tiered_pricing_product_settings":{"layout":"default","base_unit_name":{"singular":null,"plural":null},"default_variation":null},"tiered_pricing_minimum_quantity":null,"tiered_pricing_roles_data":[],"tiered_pricing_percentage_rules":[],"tiered_pricing_maximum_quantity":null,"tiered_pricing_quantity_step":null,"_links":{"self":[{"href":"https:\/\/partyinabox.dk\/party\/wp-json\/wp\/v2\/product\/69443","targetHints":{"allow":["GET"]}}],"collection":[{"href":"https:\/\/partyinabox.dk\/party\/wp-json\/wp\/v2\/product"}],"about":[{"href":"https:\/\/partyinabox.dk\/party\/wp-json\/wp\/v2\/types\/product"}],"wp:featuredmedia":[{"embeddable":true,"href":"https:\/\/partyinabox.dk\/party\/wp-json\/wp\/v2\/media\/69445"}],"wp:attachment":[{"href":"https:\/\/partyinabox.dk\/party\/wp-json\/wp\/v2\/media?parent=69443"}],"wp:term":[{"taxonomy":"product_brand","embeddable":true,"href":"https:\/\/partyinabox.dk\/party\/wp-json\/wp\/v2\/product_brand?post=69443"},{"taxonomy":"product_cat","embeddable":true,"href":"https:\/\/partyinabox.dk\/party\/wp-json\/wp\/v2\/product_cat?post=69443"},{"taxonomy":"product_tag","embeddable":true,"href":"https:\/\/partyinabox.dk\/party\/wp-json\/wp\/v2\/product_tag?post=69443"}],"curies":[{"name":"wp","href":"https:\/\/api.w.org\/{rel}","templated":true}]}}