{"id":69441,"date":"2024-11-04T00:00:00","date_gmt":"2024-11-03T23:00:00","guid":{"rendered":"https:\/\/partyinabox.dk\/party\/?post_type=product&#038;p=69441"},"modified":"2026-03-26T14:56:19","modified_gmt":"2026-03-26T13:56:19","slug":"disney-prinsesse-paptallerken-stor","status":"publish","type":"product","link":"https:\/\/partyinabox.dk\/party\/vare\/disney-prinsesse-paptallerken-stor\/","title":{"rendered":"Disney\u00ae prinsesse paptallerken (stor)"},"content":{"rendered":"<p>Elsker dit barn Disney og prinsesser og \u00f8nsker at holde en b\u00f8rnef\u00f8dselsdag hvor temaet et prinsesser s\u00e5 passer disse paptallerkner super ind.<\/p>\n<p>P\u00e5 paptallerkenen ses Askepot, Snedehvide og Rapunsel.<\/p>\n<p>&nbsp;<\/p>\n<p>Indhold: 8 stk \/ M\u00e5l: 23 cm<\/p>\n","protected":false},"excerpt":{"rendered":"<p>Elsker dit barn Disney og prinsesser og \u00f8nsker at holde en b\u00f8rnef\u00f8dselsdag hvor temaet et prinsesser s\u00e5 passer disse paptallerkner super ind. P\u00e5 paptallerkenen ses Askepot, Snedehvide og Rapunsel. &nbsp; Indhold: 8 stk \/ M\u00e5l: 23 cm<\/p>\n","protected":false},"featured_media":69442,"template":"","meta":{"_acf_changed":false},"product_brand":[],"product_cat":[32],"product_tag":[],"class_list":{"0":"post-69441","1":"product","2":"type-product","3":"status-publish","4":"has-post-thumbnail","6":"product_cat-service","7":"pa_item-color-multi","8":"pa_item-group-bordservice","9":"pa_item-subgroup-tallerkner","10":"pa_pakken-indeholder-8-stk-paptallerkener","11":"pa_tema_tax-disney","12":"pa_under-tema-disney-princess","14":"first","15":"instock","16":"taxable","17":"shipping-taxable","18":"purchasable","19":"product-type-simple"},"bundled_by":[],"bundle_stock_status":"instock","bundle_stock_quantity":47,"bundle_virtual":false,"bundle_layout":"","bundle_add_to_cart_form_location":"","bundle_editable_in_cart":false,"bundle_sold_individually_context":"","bundle_item_grouping":"","bundle_min_size":"","bundle_max_size":"","bundle_price":[],"bundled_items":[],"bundle_sell_ids":[],"acf":[],"tiered_pricing_type":"fixed","tiered_pricing_fixed_rules":[],"tiered_pricing_product_settings":{"layout":"default","base_unit_name":{"singular":null,"plural":null},"default_variation":null},"tiered_pricing_minimum_quantity":null,"tiered_pricing_roles_data":[],"tiered_pricing_percentage_rules":[],"tiered_pricing_maximum_quantity":null,"tiered_pricing_quantity_step":null,"_links":{"self":[{"href":"https:\/\/partyinabox.dk\/party\/wp-json\/wp\/v2\/product\/69441","targetHints":{"allow":["GET"]}}],"collection":[{"href":"https:\/\/partyinabox.dk\/party\/wp-json\/wp\/v2\/product"}],"about":[{"href":"https:\/\/partyinabox.dk\/party\/wp-json\/wp\/v2\/types\/product"}],"wp:featuredmedia":[{"embeddable":true,"href":"https:\/\/partyinabox.dk\/party\/wp-json\/wp\/v2\/media\/69442"}],"wp:attachment":[{"href":"https:\/\/partyinabox.dk\/party\/wp-json\/wp\/v2\/media?parent=69441"}],"wp:term":[{"taxonomy":"product_brand","embeddable":true,"href":"https:\/\/partyinabox.dk\/party\/wp-json\/wp\/v2\/product_brand?post=69441"},{"taxonomy":"product_cat","embeddable":true,"href":"https:\/\/partyinabox.dk\/party\/wp-json\/wp\/v2\/product_cat?post=69441"},{"taxonomy":"product_tag","embeddable":true,"href":"https:\/\/partyinabox.dk\/party\/wp-json\/wp\/v2\/product_tag?post=69441"}],"curies":[{"name":"wp","href":"https:\/\/api.w.org\/{rel}","templated":true}]}}