{"id":69365,"date":"2024-12-06T00:00:00","date_gmt":"2024-12-05T23:00:00","guid":{"rendered":"https:\/\/partyinabox.dk\/party\/?post_type=product&#038;p=69365"},"modified":"2026-03-19T11:56:27","modified_gmt":"2026-03-19T10:56:27","slug":"plast-vinglas-m-rosegold-fod","status":"publish","type":"product","link":"https:\/\/partyinabox.dk\/party\/vare\/plast-vinglas-m-rosegold-fod\/","title":{"rendered":"Plast vinglas m\/ rosegold fod"},"content":{"rendered":"<p>Skal du holde havefest, studenterfest, nyt\u00e5r, konfirmation, d\u00e5b eller en helt anden rosegold fest? S\u00e5 er det med at f\u00e5 fat i de her plastisk glas med rosegold fod. De er holdbare, genanvendelige og ser vildt godt ud p\u00e5 middagsbordet.<\/p>\n<p>De er 100 % BPA fri, og kan h\u00e5ndtere op til 125 gange i opvaskemaskinen. Du kan derfor bruge dem til ikke kun en fest, men derimod genanvende dem igen og igen.<\/p>\n<p>Du f\u00e5r 6 styk i en pakke.<\/p>\n<p>M\u00e5l: 15 cl.<\/p>\n","protected":false},"excerpt":{"rendered":"<p>Skal du holde havefest, studenterfest, nyt\u00e5r, konfirmation, d\u00e5b eller en helt anden rosegold fest? S\u00e5 er det med at f\u00e5 fat i de her plastisk glas med rosegold fod. De er holdbare, genanvendelige og ser vildt godt ud p\u00e5 middagsbordet. [&hellip;]<\/p>\n","protected":false},"featured_media":69366,"template":"","meta":{"_acf_changed":false},"product_brand":[],"product_cat":[32],"product_tag":[],"class_list":{"0":"post-69365","1":"product","2":"type-product","3":"status-publish","4":"has-post-thumbnail","6":"product_cat-service","8":"first","9":"instock","10":"taxable","11":"shipping-taxable","12":"purchasable","13":"product-type-simple"},"bundled_by":[],"bundle_stock_status":"instock","bundle_stock_quantity":19,"bundle_virtual":false,"bundle_layout":"","bundle_add_to_cart_form_location":"","bundle_editable_in_cart":false,"bundle_sold_individually_context":"","bundle_item_grouping":"","bundle_min_size":"","bundle_max_size":"","bundle_price":[],"bundled_items":[],"bundle_sell_ids":[],"acf":[],"tiered_pricing_type":"fixed","tiered_pricing_fixed_rules":[],"tiered_pricing_product_settings":{"layout":"default","base_unit_name":{"singular":null,"plural":null},"default_variation":null},"tiered_pricing_minimum_quantity":null,"tiered_pricing_roles_data":[],"tiered_pricing_percentage_rules":[],"tiered_pricing_maximum_quantity":null,"tiered_pricing_quantity_step":null,"_links":{"self":[{"href":"https:\/\/partyinabox.dk\/party\/wp-json\/wp\/v2\/product\/69365","targetHints":{"allow":["GET"]}}],"collection":[{"href":"https:\/\/partyinabox.dk\/party\/wp-json\/wp\/v2\/product"}],"about":[{"href":"https:\/\/partyinabox.dk\/party\/wp-json\/wp\/v2\/types\/product"}],"wp:featuredmedia":[{"embeddable":true,"href":"https:\/\/partyinabox.dk\/party\/wp-json\/wp\/v2\/media\/69366"}],"wp:attachment":[{"href":"https:\/\/partyinabox.dk\/party\/wp-json\/wp\/v2\/media?parent=69365"}],"wp:term":[{"taxonomy":"product_brand","embeddable":true,"href":"https:\/\/partyinabox.dk\/party\/wp-json\/wp\/v2\/product_brand?post=69365"},{"taxonomy":"product_cat","embeddable":true,"href":"https:\/\/partyinabox.dk\/party\/wp-json\/wp\/v2\/product_cat?post=69365"},{"taxonomy":"product_tag","embeddable":true,"href":"https:\/\/partyinabox.dk\/party\/wp-json\/wp\/v2\/product_tag?post=69365"}],"curies":[{"name":"wp","href":"https:\/\/api.w.org\/{rel}","templated":true}]}}