{"id":69252,"date":"2024-08-27T09:23:35","date_gmt":"2024-08-27T07:23:35","guid":{"rendered":"https:\/\/partyinabox.dk\/party\/?post_type=product&#038;p=69252"},"modified":"2026-04-10T21:21:24","modified_gmt":"2026-04-10T19:21:24","slug":"en-hilsen-til-barnet-der-skal-navngives","status":"publish","type":"product","link":"https:\/\/partyinabox.dk\/party\/vare\/en-hilsen-til-barnet-der-skal-navngives\/","title":{"rendered":"En hilsen til barnet der skal navngives"},"content":{"rendered":"<p>Skal du til navngivning, s\u00e5 er disse sk\u00f8nne kort helt perfekte. Hver g\u00e6st kan skrive en lille hilsen til barnet. Kortene findes b\u00e5de til barned\u00e5b og til navngivning.<\/p>\n<p>Du kan ogs\u00e5 tilk\u00f8be flere kort, hvis i \u00f8nsker flere. Ekstra kortene er pakket med 10 styk.<\/p>\n<p>Indhold: 1 \u00e6ske og 50 fortrykte kort \/ M\u00e5l: 10,5 x 18,5, cm<\/p>\n<p>&nbsp;<\/p>\n","protected":false},"excerpt":{"rendered":"<p>Skal du til navngivning, s\u00e5 er disse sk\u00f8nne kort helt perfekte. Hver g\u00e6st kan skrive en lille hilsen til barnet. Kortene findes b\u00e5de til barned\u00e5b og til navngivning. Du kan ogs\u00e5 tilk\u00f8be flere kort, hvis i \u00f8nsker flere. Ekstra kortene [&hellip;]<\/p>\n","protected":false},"featured_media":69255,"template":"","meta":{"_acf_changed":false},"product_brand":[],"product_cat":[34],"product_tag":[],"class_list":{"0":"post-69252","1":"product","2":"type-product","3":"status-publish","4":"has-post-thumbnail","6":"product_cat-accessories","8":"first","9":"instock","10":"taxable","11":"shipping-taxable","12":"purchasable","13":"product-type-simple"},"bundled_by":[],"bundle_stock_status":"instock","bundle_stock_quantity":33,"bundle_virtual":false,"bundle_layout":"","bundle_add_to_cart_form_location":"","bundle_editable_in_cart":false,"bundle_sold_individually_context":"","bundle_item_grouping":"","bundle_min_size":"","bundle_max_size":"","bundle_price":[],"bundled_items":[],"bundle_sell_ids":[],"acf":[],"tiered_pricing_type":"fixed","tiered_pricing_fixed_rules":[],"tiered_pricing_product_settings":{"layout":"default","base_unit_name":{"singular":null,"plural":null},"default_variation":null},"tiered_pricing_minimum_quantity":null,"tiered_pricing_roles_data":[],"tiered_pricing_percentage_rules":[],"tiered_pricing_maximum_quantity":null,"tiered_pricing_quantity_step":null,"_links":{"self":[{"href":"https:\/\/partyinabox.dk\/party\/wp-json\/wp\/v2\/product\/69252","targetHints":{"allow":["GET"]}}],"collection":[{"href":"https:\/\/partyinabox.dk\/party\/wp-json\/wp\/v2\/product"}],"about":[{"href":"https:\/\/partyinabox.dk\/party\/wp-json\/wp\/v2\/types\/product"}],"wp:featuredmedia":[{"embeddable":true,"href":"https:\/\/partyinabox.dk\/party\/wp-json\/wp\/v2\/media\/69255"}],"wp:attachment":[{"href":"https:\/\/partyinabox.dk\/party\/wp-json\/wp\/v2\/media?parent=69252"}],"wp:term":[{"taxonomy":"product_brand","embeddable":true,"href":"https:\/\/partyinabox.dk\/party\/wp-json\/wp\/v2\/product_brand?post=69252"},{"taxonomy":"product_cat","embeddable":true,"href":"https:\/\/partyinabox.dk\/party\/wp-json\/wp\/v2\/product_cat?post=69252"},{"taxonomy":"product_tag","embeddable":true,"href":"https:\/\/partyinabox.dk\/party\/wp-json\/wp\/v2\/product_tag?post=69252"}],"curies":[{"name":"wp","href":"https:\/\/api.w.org\/{rel}","templated":true}]}}