{"id":69211,"date":"2024-08-26T14:26:27","date_gmt":"2024-08-26T12:26:27","guid":{"rendered":"https:\/\/partyinabox.dk\/party\/?post_type=product&#038;p=69211"},"modified":"2026-04-17T12:05:53","modified_gmt":"2026-04-17T10:05:53","slug":"ekstra-kort-til-en-hilsen-til-daabsbarnet","status":"publish","type":"product","link":"https:\/\/partyinabox.dk\/party\/vare\/ekstra-kort-til-en-hilsen-til-daabsbarnet\/","title":{"rendered":"Ekstra kort til &#8220;En hilsen til d\u00e5bsbarnet&#8221;"},"content":{"rendered":"<p>Kan bruges som tilk\u00f8bskort hvis man mangler flere kort til barned\u00e5ben og eller kan man ogs\u00e5 k\u00f8bes disse uden at k\u00f8be de 50 styk kort + \u00e6ske.<\/p>\n<p>Indhold: 10 kort \/ M\u00e5l: 10,5 x 18,5, cm<\/p>\n","protected":false},"excerpt":{"rendered":"<p>Kan bruges som tilk\u00f8bskort hvis man mangler flere kort til barned\u00e5ben og eller kan man ogs\u00e5 k\u00f8bes disse uden at k\u00f8be de 50 styk kort + \u00e6ske. Indhold: 10 kort \/ M\u00e5l: 10,5 x 18,5, cm<\/p>\n","protected":false},"featured_media":69209,"template":"","meta":{"_acf_changed":false},"product_brand":[],"product_cat":[34],"product_tag":[],"class_list":{"0":"post-69211","1":"product","2":"type-product","3":"status-publish","4":"has-post-thumbnail","6":"product_cat-accessories","8":"first","9":"instock","10":"taxable","11":"shipping-taxable","12":"purchasable","13":"product-type-simple"},"bundled_by":[],"bundle_stock_status":"instock","bundle_stock_quantity":93,"bundle_virtual":false,"bundle_layout":"","bundle_add_to_cart_form_location":"","bundle_editable_in_cart":false,"bundle_sold_individually_context":"","bundle_item_grouping":"","bundle_min_size":"","bundle_max_size":"","bundle_price":[],"bundled_items":[],"bundle_sell_ids":[],"acf":[],"tiered_pricing_type":"fixed","tiered_pricing_fixed_rules":[],"tiered_pricing_product_settings":{"layout":"default","base_unit_name":{"singular":null,"plural":null},"default_variation":null},"tiered_pricing_minimum_quantity":null,"tiered_pricing_roles_data":[],"tiered_pricing_percentage_rules":[],"tiered_pricing_maximum_quantity":null,"tiered_pricing_quantity_step":null,"_links":{"self":[{"href":"https:\/\/partyinabox.dk\/party\/wp-json\/wp\/v2\/product\/69211","targetHints":{"allow":["GET"]}}],"collection":[{"href":"https:\/\/partyinabox.dk\/party\/wp-json\/wp\/v2\/product"}],"about":[{"href":"https:\/\/partyinabox.dk\/party\/wp-json\/wp\/v2\/types\/product"}],"wp:featuredmedia":[{"embeddable":true,"href":"https:\/\/partyinabox.dk\/party\/wp-json\/wp\/v2\/media\/69209"}],"wp:attachment":[{"href":"https:\/\/partyinabox.dk\/party\/wp-json\/wp\/v2\/media?parent=69211"}],"wp:term":[{"taxonomy":"product_brand","embeddable":true,"href":"https:\/\/partyinabox.dk\/party\/wp-json\/wp\/v2\/product_brand?post=69211"},{"taxonomy":"product_cat","embeddable":true,"href":"https:\/\/partyinabox.dk\/party\/wp-json\/wp\/v2\/product_cat?post=69211"},{"taxonomy":"product_tag","embeddable":true,"href":"https:\/\/partyinabox.dk\/party\/wp-json\/wp\/v2\/product_tag?post=69211"}],"curies":[{"name":"wp","href":"https:\/\/api.w.org\/{rel}","templated":true}]}}