{"id":69193,"date":"2024-08-29T00:00:00","date_gmt":"2024-08-28T22:00:00","guid":{"rendered":"https:\/\/partyinabox.dk\/party\/?post_type=product&#038;p=69193"},"modified":"2026-04-12T20:14:05","modified_gmt":"2026-04-12T18:14:05","slug":"en-hilsen-til-brudeparret","status":"publish","type":"product","link":"https:\/\/partyinabox.dk\/party\/vare\/en-hilsen-til-brudeparret\/","title":{"rendered":"En hilsen til brudeparret"},"content":{"rendered":"<p>Lav en hilsen til brudeparret og inddrag g\u00e6sterne til brylluppet. Perfekt som indslag til brylluppet. hvor hver g\u00e6st kan skrive en lille hilsen til brudeparret.<\/p>\n<p>Der medf\u00f8lger 50 styk kort, men der kan altid tilk\u00f8bes flere hvis man er flere g\u00e6ster. Tilk\u00f8bskortene ligger med 10 styk hver pakke.<\/p>\n<p>Indhold: 1 \u00e6ske og 50 fortrykte kort \/ M\u00e5l: 10,5 x 18,5, cm<\/p>\n","protected":false},"excerpt":{"rendered":"<p>Lav en hilsen til brudeparret og inddrag g\u00e6sterne til brylluppet. Perfekt som indslag til brylluppet. hvor hver g\u00e6st kan skrive en lille hilsen til brudeparret. Der medf\u00f8lger 50 styk kort, men der kan altid tilk\u00f8bes flere hvis man er flere [&hellip;]<\/p>\n","protected":false},"featured_media":69198,"template":"","meta":{"_acf_changed":false},"product_brand":[],"product_cat":[34],"product_tag":[],"class_list":{"0":"post-69193","1":"product","2":"type-product","3":"status-publish","4":"has-post-thumbnail","6":"product_cat-accessories","8":"first","9":"instock","10":"taxable","11":"shipping-taxable","12":"purchasable","13":"product-type-simple"},"bundled_by":[],"bundle_stock_status":"instock","bundle_stock_quantity":22,"bundle_virtual":false,"bundle_layout":"","bundle_add_to_cart_form_location":"","bundle_editable_in_cart":false,"bundle_sold_individually_context":"","bundle_item_grouping":"","bundle_min_size":"","bundle_max_size":"","bundle_price":[],"bundled_items":[],"bundle_sell_ids":[],"acf":[],"tiered_pricing_type":"fixed","tiered_pricing_fixed_rules":[],"tiered_pricing_product_settings":{"layout":"default","base_unit_name":{"singular":null,"plural":null},"default_variation":null},"tiered_pricing_minimum_quantity":null,"tiered_pricing_roles_data":[],"tiered_pricing_percentage_rules":[],"tiered_pricing_maximum_quantity":null,"tiered_pricing_quantity_step":null,"_links":{"self":[{"href":"https:\/\/partyinabox.dk\/party\/wp-json\/wp\/v2\/product\/69193","targetHints":{"allow":["GET"]}}],"collection":[{"href":"https:\/\/partyinabox.dk\/party\/wp-json\/wp\/v2\/product"}],"about":[{"href":"https:\/\/partyinabox.dk\/party\/wp-json\/wp\/v2\/types\/product"}],"wp:featuredmedia":[{"embeddable":true,"href":"https:\/\/partyinabox.dk\/party\/wp-json\/wp\/v2\/media\/69198"}],"wp:attachment":[{"href":"https:\/\/partyinabox.dk\/party\/wp-json\/wp\/v2\/media?parent=69193"}],"wp:term":[{"taxonomy":"product_brand","embeddable":true,"href":"https:\/\/partyinabox.dk\/party\/wp-json\/wp\/v2\/product_brand?post=69193"},{"taxonomy":"product_cat","embeddable":true,"href":"https:\/\/partyinabox.dk\/party\/wp-json\/wp\/v2\/product_cat?post=69193"},{"taxonomy":"product_tag","embeddable":true,"href":"https:\/\/partyinabox.dk\/party\/wp-json\/wp\/v2\/product_tag?post=69193"}],"curies":[{"name":"wp","href":"https:\/\/api.w.org\/{rel}","templated":true}]}}