{"id":68968,"date":"2024-08-21T14:21:13","date_gmt":"2024-08-21T12:21:13","guid":{"rendered":"https:\/\/partyinabox.dk\/party\/?post_type=product&#038;p=68968"},"modified":"2026-04-28T19:39:17","modified_gmt":"2026-04-28T17:39:17","slug":"sort-hvid-guld-30-aars-ballon-guirlande","status":"publish","type":"product","link":"https:\/\/partyinabox.dk\/party\/vare\/sort-hvid-guld-30-aars-ballon-guirlande\/","title":{"rendered":"Sort\/hvid\/guld 30 \u00e5rs ballon guirlande"},"content":{"rendered":"<p>Flot guirlande til end 30 \u00e5rs f\u00f8dselsdag i sort, hvid og guld farver. Guirlanden kan samles p\u00e5 3 m\u00e5der og der medf\u00f8lger en manual hertil.<\/p>\n<p>Ballon guirlanden er omkring 260 x 32 cm n\u00e5r den er samlet.<\/p>\n<p>Derudover s\u00e5 medf\u00f8lger:<\/p>\n<ul>\n<li>10 latex balloner i sort(6), hvid(2) og guld(2)<\/li>\n<li>2 folie tal i guld (3 og 0)<\/li>\n<li>25 meter b\u00e5nd<\/li>\n<li>1 papsuger\u00f8r til oppustning af folie ballonerne<\/li>\n<\/ul>\n<p>Indhold: 1 s\u00e6t \/ M\u00e5l: 260 x 32 cm<\/p>\n<p>&nbsp;<\/p>\n","protected":false},"excerpt":{"rendered":"<p>Flot guirlande til end 30 \u00e5rs f\u00f8dselsdag i sort, hvid og guld farver. Guirlanden kan samles p\u00e5 3 m\u00e5der og der medf\u00f8lger en manual hertil. Ballon guirlanden er omkring 260 x 32 cm n\u00e5r den er samlet. Derudover s\u00e5 medf\u00f8lger: [&hellip;]<\/p>\n","protected":false},"featured_media":68970,"template":"","meta":{"_acf_changed":false},"product_brand":[],"product_cat":[19,30],"product_tag":[],"class_list":{"0":"post-68968","1":"product","2":"type-product","3":"status-publish","4":"has-post-thumbnail","6":"product_cat-pynt","7":"product_cat-balloner","9":"first","10":"instock","11":"taxable","12":"shipping-taxable","13":"purchasable","14":"product-type-simple"},"bundled_by":[],"bundle_stock_status":"instock","bundle_stock_quantity":36,"bundle_virtual":false,"bundle_layout":"","bundle_add_to_cart_form_location":"","bundle_editable_in_cart":false,"bundle_sold_individually_context":"","bundle_item_grouping":"","bundle_min_size":"","bundle_max_size":"","bundle_price":[],"bundled_items":[],"bundle_sell_ids":[],"acf":[],"tiered_pricing_type":"fixed","tiered_pricing_fixed_rules":[],"tiered_pricing_product_settings":{"layout":"default","base_unit_name":{"singular":null,"plural":null},"default_variation":null},"tiered_pricing_minimum_quantity":null,"tiered_pricing_roles_data":[],"tiered_pricing_percentage_rules":[],"tiered_pricing_maximum_quantity":null,"tiered_pricing_quantity_step":null,"_links":{"self":[{"href":"https:\/\/partyinabox.dk\/party\/wp-json\/wp\/v2\/product\/68968","targetHints":{"allow":["GET"]}}],"collection":[{"href":"https:\/\/partyinabox.dk\/party\/wp-json\/wp\/v2\/product"}],"about":[{"href":"https:\/\/partyinabox.dk\/party\/wp-json\/wp\/v2\/types\/product"}],"wp:featuredmedia":[{"embeddable":true,"href":"https:\/\/partyinabox.dk\/party\/wp-json\/wp\/v2\/media\/68970"}],"wp:attachment":[{"href":"https:\/\/partyinabox.dk\/party\/wp-json\/wp\/v2\/media?parent=68968"}],"wp:term":[{"taxonomy":"product_brand","embeddable":true,"href":"https:\/\/partyinabox.dk\/party\/wp-json\/wp\/v2\/product_brand?post=68968"},{"taxonomy":"product_cat","embeddable":true,"href":"https:\/\/partyinabox.dk\/party\/wp-json\/wp\/v2\/product_cat?post=68968"},{"taxonomy":"product_tag","embeddable":true,"href":"https:\/\/partyinabox.dk\/party\/wp-json\/wp\/v2\/product_tag?post=68968"}],"curies":[{"name":"wp","href":"https:\/\/api.w.org\/{rel}","templated":true}]}}