{"id":68932,"date":"2024-08-21T12:03:39","date_gmt":"2024-08-21T10:03:39","guid":{"rendered":"https:\/\/partyinabox.dk\/party\/?post_type=product&#038;p=68932"},"modified":"2026-04-15T17:15:13","modified_gmt":"2026-04-15T15:15:13","slug":"bloedende-sorte-hoeje-lys","status":"publish","type":"product","link":"https:\/\/partyinabox.dk\/party\/vare\/bloedende-sorte-hoeje-lys\/","title":{"rendered":"Bl\u00f8dende sorte h\u00f8je lys"},"content":{"rendered":"<p>De her stearin lys er et must-have til halloween. De er super nemme. Du s\u00e6tte dem bare i en stage og t\u00e6nder dem. Efter kort tid rander det r\u00f8de stearinen ned og ligner derfor lysene bl\u00f8der.<\/p>\n<p>Du kan s\u00e6tte dem udend\u00f8rs, indenfor, p\u00e5 bordet eller i baren. Det er helt sikkert med til at give et \u00e6gte halloween vibe.<\/p>\n<p>3 styk i en pakke.<\/p>\n<p>20,5 cm h\u00f8je<\/p>\n","protected":false},"excerpt":{"rendered":"<p>De her stearin lys er et must-have til halloween. De er super nemme. Du s\u00e6tte dem bare i en stage og t\u00e6nder dem. Efter kort tid rander det r\u00f8de stearinen ned og ligner derfor lysene bl\u00f8der. Du kan s\u00e6tte dem [&hellip;]<\/p>\n","protected":false},"featured_media":68934,"template":"","meta":{"_acf_changed":false},"product_brand":[],"product_cat":[32],"product_tag":[],"class_list":{"0":"post-68932","1":"product","2":"type-product","3":"status-publish","4":"has-post-thumbnail","6":"product_cat-service","8":"first","9":"instock","10":"taxable","11":"shipping-taxable","12":"purchasable","13":"product-type-simple"},"bundled_by":[],"bundle_stock_status":"instock","bundle_stock_quantity":66,"bundle_virtual":false,"bundle_layout":"","bundle_add_to_cart_form_location":"","bundle_editable_in_cart":false,"bundle_sold_individually_context":"","bundle_item_grouping":"","bundle_min_size":"","bundle_max_size":"","bundle_price":[],"bundled_items":[],"bundle_sell_ids":[],"acf":[],"tiered_pricing_type":"fixed","tiered_pricing_fixed_rules":[],"tiered_pricing_product_settings":{"layout":"default","base_unit_name":{"singular":null,"plural":null},"default_variation":null},"tiered_pricing_minimum_quantity":null,"tiered_pricing_roles_data":[],"tiered_pricing_percentage_rules":[],"tiered_pricing_maximum_quantity":null,"tiered_pricing_quantity_step":null,"_links":{"self":[{"href":"https:\/\/partyinabox.dk\/party\/wp-json\/wp\/v2\/product\/68932","targetHints":{"allow":["GET"]}}],"collection":[{"href":"https:\/\/partyinabox.dk\/party\/wp-json\/wp\/v2\/product"}],"about":[{"href":"https:\/\/partyinabox.dk\/party\/wp-json\/wp\/v2\/types\/product"}],"wp:featuredmedia":[{"embeddable":true,"href":"https:\/\/partyinabox.dk\/party\/wp-json\/wp\/v2\/media\/68934"}],"wp:attachment":[{"href":"https:\/\/partyinabox.dk\/party\/wp-json\/wp\/v2\/media?parent=68932"}],"wp:term":[{"taxonomy":"product_brand","embeddable":true,"href":"https:\/\/partyinabox.dk\/party\/wp-json\/wp\/v2\/product_brand?post=68932"},{"taxonomy":"product_cat","embeddable":true,"href":"https:\/\/partyinabox.dk\/party\/wp-json\/wp\/v2\/product_cat?post=68932"},{"taxonomy":"product_tag","embeddable":true,"href":"https:\/\/partyinabox.dk\/party\/wp-json\/wp\/v2\/product_tag?post=68932"}],"curies":[{"name":"wp","href":"https:\/\/api.w.org\/{rel}","templated":true}]}}