{"id":689,"date":"2021-11-05T00:00:00","date_gmt":"2021-11-04T23:00:00","guid":{"rendered":"https:\/\/partyinabox.dk\/party\/?post_type=product&#038;p=689"},"modified":"2026-04-04T16:55:23","modified_gmt":"2026-04-04T14:55:23","slug":"guld-konfetti-rund","status":"publish","type":"product","link":"https:\/\/partyinabox.dk\/party\/vare\/guld-konfetti-rund\/","title":{"rendered":"Guld konfetti rund"},"content":{"rendered":"<p>Alle fester har brug for konfetti og med det her runde guld konfetti bliver det ikke mere festligt! Brug konfettien p\u00e5 bordet til en f\u00f8dselsdag, et bryllup, nyt\u00e5r, en konfirmation, en d\u00e5b, et babyshower eller bare til en rigtig guld fest!<\/p>\n<p>Indhold: 15 g<\/p>\n","protected":false},"excerpt":{"rendered":"<p>Alle fester har brug for konfetti og med det her runde guld konfetti bliver det ikke mere festligt! Brug konfettien p\u00e5 bordet til en f\u00f8dselsdag, et bryllup, nyt\u00e5r, en konfirmation, en d\u00e5b, et babyshower eller bare til en rigtig guld [&hellip;]<\/p>\n","protected":false},"featured_media":38416,"template":"","meta":{"_acf_changed":false},"product_brand":[],"product_cat":[32],"product_tag":[],"class_list":{"0":"post-689","1":"product","2":"type-product","3":"status-publish","4":"has-post-thumbnail","6":"product_cat-service","8":"first","9":"instock","10":"taxable","11":"shipping-taxable","12":"purchasable","13":"product-type-simple"},"bundled_by":[],"bundle_stock_status":"instock","bundle_stock_quantity":448,"bundle_virtual":false,"bundle_layout":"","bundle_add_to_cart_form_location":"","bundle_editable_in_cart":false,"bundle_sold_individually_context":"","bundle_item_grouping":"","bundle_min_size":"","bundle_max_size":"","bundle_price":[],"bundled_items":[],"bundle_sell_ids":[],"acf":[],"tiered_pricing_type":"fixed","tiered_pricing_fixed_rules":[],"tiered_pricing_product_settings":{"layout":"default","base_unit_name":{"singular":null,"plural":null},"default_variation":null},"tiered_pricing_minimum_quantity":null,"tiered_pricing_roles_data":[],"tiered_pricing_percentage_rules":[],"tiered_pricing_maximum_quantity":null,"tiered_pricing_quantity_step":null,"_links":{"self":[{"href":"https:\/\/partyinabox.dk\/party\/wp-json\/wp\/v2\/product\/689","targetHints":{"allow":["GET"]}}],"collection":[{"href":"https:\/\/partyinabox.dk\/party\/wp-json\/wp\/v2\/product"}],"about":[{"href":"https:\/\/partyinabox.dk\/party\/wp-json\/wp\/v2\/types\/product"}],"wp:featuredmedia":[{"embeddable":true,"href":"https:\/\/partyinabox.dk\/party\/wp-json\/wp\/v2\/media\/38416"}],"wp:attachment":[{"href":"https:\/\/partyinabox.dk\/party\/wp-json\/wp\/v2\/media?parent=689"}],"wp:term":[{"taxonomy":"product_brand","embeddable":true,"href":"https:\/\/partyinabox.dk\/party\/wp-json\/wp\/v2\/product_brand?post=689"},{"taxonomy":"product_cat","embeddable":true,"href":"https:\/\/partyinabox.dk\/party\/wp-json\/wp\/v2\/product_cat?post=689"},{"taxonomy":"product_tag","embeddable":true,"href":"https:\/\/partyinabox.dk\/party\/wp-json\/wp\/v2\/product_tag?post=689"}],"curies":[{"name":"wp","href":"https:\/\/api.w.org\/{rel}","templated":true}]}}