{"id":68775,"date":"2024-08-19T11:15:34","date_gmt":"2024-08-19T09:15:34","guid":{"rendered":"https:\/\/partyinabox.dk\/party\/?post_type=product&#038;p=68775"},"modified":"2026-04-22T10:20:00","modified_gmt":"2026-04-22T08:20:00","slug":"oktoberfest-folie-ballon","status":"publish","type":"product","link":"https:\/\/partyinabox.dk\/party\/vare\/oktoberfest-folie-ballon\/","title":{"rendered":"Oktoberfest folie ballon"},"content":{"rendered":"<p>Pynt op til oktoberfest med denne seje oktoberfest folieballon i bl\u00e5 og hvide farver.<\/p>\n<p>Folieballen kan fyldes med almindelig luft eller med helium s\u00e5 den kan sv\u00e6ve. Husk evt. snor og ballonv\u00e6gt, hvis du fylder balloner med helium.<\/p>\n<p>&nbsp;<\/p>\n<p>Indhold:1 stk \/ M\u00e5l 45 cm<\/p>\n","protected":false},"excerpt":{"rendered":"<p>Pynt op til oktoberfest med denne seje oktoberfest folieballon i bl\u00e5 og hvide farver. Folieballen kan fyldes med almindelig luft eller med helium s\u00e5 den kan sv\u00e6ve. Husk evt. snor og ballonv\u00e6gt, hvis du fylder balloner med helium. &nbsp; Indhold:1 [&hellip;]<\/p>\n","protected":false},"featured_media":68776,"template":"","meta":{"_acf_changed":false},"product_brand":[],"product_cat":[30],"product_tag":[],"class_list":{"0":"post-68775","1":"product","2":"type-product","3":"status-publish","4":"has-post-thumbnail","6":"product_cat-balloner","8":"first","9":"instock","10":"taxable","11":"shipping-taxable","12":"purchasable","13":"product-type-simple"},"bundled_by":[],"bundle_stock_status":"instock","bundle_stock_quantity":3252,"bundle_virtual":false,"bundle_layout":"","bundle_add_to_cart_form_location":"","bundle_editable_in_cart":false,"bundle_sold_individually_context":"","bundle_item_grouping":"","bundle_min_size":"","bundle_max_size":"","bundle_price":[],"bundled_items":[],"bundle_sell_ids":[],"acf":[],"tiered_pricing_type":"fixed","tiered_pricing_fixed_rules":[],"tiered_pricing_product_settings":{"layout":"default","base_unit_name":{"singular":null,"plural":null},"default_variation":null},"tiered_pricing_minimum_quantity":null,"tiered_pricing_roles_data":[],"tiered_pricing_percentage_rules":[],"tiered_pricing_maximum_quantity":null,"tiered_pricing_quantity_step":null,"_links":{"self":[{"href":"https:\/\/partyinabox.dk\/party\/wp-json\/wp\/v2\/product\/68775","targetHints":{"allow":["GET"]}}],"collection":[{"href":"https:\/\/partyinabox.dk\/party\/wp-json\/wp\/v2\/product"}],"about":[{"href":"https:\/\/partyinabox.dk\/party\/wp-json\/wp\/v2\/types\/product"}],"wp:featuredmedia":[{"embeddable":true,"href":"https:\/\/partyinabox.dk\/party\/wp-json\/wp\/v2\/media\/68776"}],"wp:attachment":[{"href":"https:\/\/partyinabox.dk\/party\/wp-json\/wp\/v2\/media?parent=68775"}],"wp:term":[{"taxonomy":"product_brand","embeddable":true,"href":"https:\/\/partyinabox.dk\/party\/wp-json\/wp\/v2\/product_brand?post=68775"},{"taxonomy":"product_cat","embeddable":true,"href":"https:\/\/partyinabox.dk\/party\/wp-json\/wp\/v2\/product_cat?post=68775"},{"taxonomy":"product_tag","embeddable":true,"href":"https:\/\/partyinabox.dk\/party\/wp-json\/wp\/v2\/product_tag?post=68775"}],"curies":[{"name":"wp","href":"https:\/\/api.w.org\/{rel}","templated":true}]}}