{"id":68755,"date":"2024-09-03T00:00:00","date_gmt":"2024-09-02T22:00:00","guid":{"rendered":"https:\/\/partyinabox.dk\/party\/?post_type=product&#038;p=68755"},"modified":"2026-03-24T08:31:52","modified_gmt":"2026-03-24T07:31:52","slug":"heksekedel-med-uhyggelig-pynt","status":"publish","type":"product","link":"https:\/\/partyinabox.dk\/party\/vare\/heksekedel-med-uhyggelig-pynt\/","title":{"rendered":"Heksekedel med uhyggelig pynt"},"content":{"rendered":"<p>Heksekedlen m\u00e5ler 19 x 20 cm og pynten kan nemt tages ud, s\u00e5 du kan bruges kedlen til meget andet.<\/p>\n<p>Kedlen kommer med 3 kranier, spindelv\u00e6v, 1\u00a0k\u00e6de, edderkopper og fl\u00e6nset kl\u00e6de.<\/p>\n<p>Kranierne eller det uhyggelige pynt kan pynte b\u00e5de bordet eller rummet, s\u00e5 du er klar til halloween.<\/p>\n<p>Indhold: 1 s\u00e6t \/ M\u00e5l: 19 x 20 cm<\/p>\n<p>&nbsp;<\/p>\n","protected":false},"excerpt":{"rendered":"<p>Heksekedlen m\u00e5ler 19 x 20 cm og pynten kan nemt tages ud, s\u00e5 du kan bruges kedlen til meget andet. Kedlen kommer med 3 kranier, spindelv\u00e6v, 1\u00a0k\u00e6de, edderkopper og fl\u00e6nset kl\u00e6de. Kranierne eller det uhyggelige pynt kan pynte b\u00e5de bordet [&hellip;]<\/p>\n","protected":false},"featured_media":69398,"template":"","meta":{"_acf_changed":false},"product_brand":[],"product_cat":[19],"product_tag":[],"class_list":{"0":"post-68755","1":"product","2":"type-product","3":"status-publish","4":"has-post-thumbnail","6":"product_cat-pynt","8":"first","9":"instock","10":"taxable","11":"shipping-taxable","12":"purchasable","13":"product-type-simple"},"bundled_by":[],"bundle_stock_status":"instock","bundle_stock_quantity":18,"bundle_virtual":false,"bundle_layout":"","bundle_add_to_cart_form_location":"","bundle_editable_in_cart":false,"bundle_sold_individually_context":"","bundle_item_grouping":"","bundle_min_size":"","bundle_max_size":"","bundle_price":[],"bundled_items":[],"bundle_sell_ids":[],"acf":[],"tiered_pricing_type":"fixed","tiered_pricing_fixed_rules":[],"tiered_pricing_product_settings":{"layout":"default","base_unit_name":{"singular":null,"plural":null},"default_variation":null},"tiered_pricing_minimum_quantity":null,"tiered_pricing_roles_data":[],"tiered_pricing_percentage_rules":[],"tiered_pricing_maximum_quantity":null,"tiered_pricing_quantity_step":null,"_links":{"self":[{"href":"https:\/\/partyinabox.dk\/party\/wp-json\/wp\/v2\/product\/68755","targetHints":{"allow":["GET"]}}],"collection":[{"href":"https:\/\/partyinabox.dk\/party\/wp-json\/wp\/v2\/product"}],"about":[{"href":"https:\/\/partyinabox.dk\/party\/wp-json\/wp\/v2\/types\/product"}],"wp:featuredmedia":[{"embeddable":true,"href":"https:\/\/partyinabox.dk\/party\/wp-json\/wp\/v2\/media\/69398"}],"wp:attachment":[{"href":"https:\/\/partyinabox.dk\/party\/wp-json\/wp\/v2\/media?parent=68755"}],"wp:term":[{"taxonomy":"product_brand","embeddable":true,"href":"https:\/\/partyinabox.dk\/party\/wp-json\/wp\/v2\/product_brand?post=68755"},{"taxonomy":"product_cat","embeddable":true,"href":"https:\/\/partyinabox.dk\/party\/wp-json\/wp\/v2\/product_cat?post=68755"},{"taxonomy":"product_tag","embeddable":true,"href":"https:\/\/partyinabox.dk\/party\/wp-json\/wp\/v2\/product_tag?post=68755"}],"curies":[{"name":"wp","href":"https:\/\/api.w.org\/{rel}","templated":true}]}}