{"id":68753,"date":"2024-09-04T00:00:00","date_gmt":"2024-09-03T22:00:00","guid":{"rendered":"https:\/\/partyinabox.dk\/party\/?post_type=product&#038;p=68753"},"modified":"2026-03-17T13:22:28","modified_gmt":"2026-03-17T12:22:28","slug":"skelet-vinduesdekoration","status":"publish","type":"product","link":"https:\/\/partyinabox.dk\/party\/vare\/skelet-vinduesdekoration\/","title":{"rendered":"Skelet vinduesdekoration"},"content":{"rendered":"<p>Pynt uhyggeligt op til halloween og s\u00e6t dette skelet vindues dekoration. Det er formet som et vindue med et skelet, kranie og h\u00e6nder, som g\u00f8r det ekstra uhyggeligt.<\/p>\n<p>Skelet vindues dekorationen er lavet af plast og stof og kan nemt genanvendes.<\/p>\n<p>Derudover er det 2 sm\u00e5 huller, som g\u00e5r at man nemt kan h\u00e6nge dekorationen op.<\/p>\n<p>M\u00e5l: 120 x 80 cm<\/p>\n","protected":false},"excerpt":{"rendered":"<p>Pynt uhyggeligt op til halloween og s\u00e6t dette skelet vindues dekoration. Det er formet som et vindue med et skelet, kranie og h\u00e6nder, som g\u00f8r det ekstra uhyggeligt. Skelet vindues dekorationen er lavet af plast og stof og kan nemt [&hellip;]<\/p>\n","protected":false},"featured_media":71127,"template":"","meta":{"_acf_changed":false},"product_brand":[],"product_cat":[19],"product_tag":[],"class_list":{"0":"post-68753","1":"product","2":"type-product","3":"status-publish","4":"has-post-thumbnail","6":"product_cat-pynt","8":"first","9":"instock","10":"taxable","11":"shipping-taxable","12":"purchasable","13":"product-type-simple"},"bundled_by":[],"bundle_stock_status":"instock","bundle_stock_quantity":20,"bundle_virtual":false,"bundle_layout":"","bundle_add_to_cart_form_location":"","bundle_editable_in_cart":false,"bundle_sold_individually_context":"","bundle_item_grouping":"","bundle_min_size":"","bundle_max_size":"","bundle_price":[],"bundled_items":[],"bundle_sell_ids":[],"acf":[],"tiered_pricing_type":"fixed","tiered_pricing_fixed_rules":[],"tiered_pricing_product_settings":{"layout":"default","base_unit_name":{"singular":null,"plural":null},"default_variation":null},"tiered_pricing_minimum_quantity":null,"tiered_pricing_roles_data":[],"tiered_pricing_percentage_rules":[],"tiered_pricing_maximum_quantity":null,"tiered_pricing_quantity_step":null,"_links":{"self":[{"href":"https:\/\/partyinabox.dk\/party\/wp-json\/wp\/v2\/product\/68753","targetHints":{"allow":["GET"]}}],"collection":[{"href":"https:\/\/partyinabox.dk\/party\/wp-json\/wp\/v2\/product"}],"about":[{"href":"https:\/\/partyinabox.dk\/party\/wp-json\/wp\/v2\/types\/product"}],"wp:featuredmedia":[{"embeddable":true,"href":"https:\/\/partyinabox.dk\/party\/wp-json\/wp\/v2\/media\/71127"}],"wp:attachment":[{"href":"https:\/\/partyinabox.dk\/party\/wp-json\/wp\/v2\/media?parent=68753"}],"wp:term":[{"taxonomy":"product_brand","embeddable":true,"href":"https:\/\/partyinabox.dk\/party\/wp-json\/wp\/v2\/product_brand?post=68753"},{"taxonomy":"product_cat","embeddable":true,"href":"https:\/\/partyinabox.dk\/party\/wp-json\/wp\/v2\/product_cat?post=68753"},{"taxonomy":"product_tag","embeddable":true,"href":"https:\/\/partyinabox.dk\/party\/wp-json\/wp\/v2\/product_tag?post=68753"}],"curies":[{"name":"wp","href":"https:\/\/api.w.org\/{rel}","templated":true}]}}