{"id":68639,"date":"2024-08-16T11:59:04","date_gmt":"2024-08-16T09:59:04","guid":{"rendered":"https:\/\/partyinabox.dk\/party\/?post_type=product&#038;p=68639"},"modified":"2026-03-24T06:43:06","modified_gmt":"2026-03-24T05:43:06","slug":"haengende-heks","status":"publish","type":"product","link":"https:\/\/partyinabox.dk\/party\/vare\/haengende-heks\/","title":{"rendered":"H\u00e6ngende heks"},"content":{"rendered":"<p>H\u00e6ng denne seje og uhyggelige heks op enten inde eller ude og skab en festlig halloween stemning. Kan evt. h\u00e6nges op med en fiskesn\u00f8re, s\u00e5 man n\u00e6ste ikke kan se snoren<\/p>\n<p>&nbsp;<\/p>\n<p>Indhold: 1 stk \/ M\u00e5l: 65 x 18 x 97 cm<\/p>\n","protected":false},"excerpt":{"rendered":"<p>H\u00e6ng denne seje og uhyggelige heks op enten inde eller ude og skab en festlig halloween stemning. Kan evt. h\u00e6nges op med en fiskesn\u00f8re, s\u00e5 man n\u00e6ste ikke kan se snoren &nbsp; Indhold: 1 stk \/ M\u00e5l: 65 x 18 [&hellip;]<\/p>\n","protected":false},"featured_media":68640,"template":"","meta":{"_acf_changed":false},"product_brand":[],"product_cat":[19],"product_tag":[],"class_list":{"0":"post-68639","1":"product","2":"type-product","3":"status-publish","4":"has-post-thumbnail","6":"product_cat-pynt","8":"first","9":"instock","10":"taxable","11":"shipping-taxable","12":"purchasable","13":"product-type-simple"},"bundled_by":[],"bundle_stock_status":"instock","bundle_stock_quantity":14,"bundle_virtual":false,"bundle_layout":"","bundle_add_to_cart_form_location":"","bundle_editable_in_cart":false,"bundle_sold_individually_context":"","bundle_item_grouping":"","bundle_min_size":"","bundle_max_size":"","bundle_price":[],"bundled_items":[],"bundle_sell_ids":[],"acf":[],"tiered_pricing_type":"fixed","tiered_pricing_fixed_rules":[],"tiered_pricing_product_settings":{"layout":"default","base_unit_name":{"singular":null,"plural":null},"default_variation":null},"tiered_pricing_minimum_quantity":null,"tiered_pricing_roles_data":[],"tiered_pricing_percentage_rules":[],"tiered_pricing_maximum_quantity":null,"tiered_pricing_quantity_step":null,"_links":{"self":[{"href":"https:\/\/partyinabox.dk\/party\/wp-json\/wp\/v2\/product\/68639","targetHints":{"allow":["GET"]}}],"collection":[{"href":"https:\/\/partyinabox.dk\/party\/wp-json\/wp\/v2\/product"}],"about":[{"href":"https:\/\/partyinabox.dk\/party\/wp-json\/wp\/v2\/types\/product"}],"wp:featuredmedia":[{"embeddable":true,"href":"https:\/\/partyinabox.dk\/party\/wp-json\/wp\/v2\/media\/68640"}],"wp:attachment":[{"href":"https:\/\/partyinabox.dk\/party\/wp-json\/wp\/v2\/media?parent=68639"}],"wp:term":[{"taxonomy":"product_brand","embeddable":true,"href":"https:\/\/partyinabox.dk\/party\/wp-json\/wp\/v2\/product_brand?post=68639"},{"taxonomy":"product_cat","embeddable":true,"href":"https:\/\/partyinabox.dk\/party\/wp-json\/wp\/v2\/product_cat?post=68639"},{"taxonomy":"product_tag","embeddable":true,"href":"https:\/\/partyinabox.dk\/party\/wp-json\/wp\/v2\/product_tag?post=68639"}],"curies":[{"name":"wp","href":"https:\/\/api.w.org\/{rel}","templated":true}]}}