{"id":68526,"date":"2024-08-14T00:00:00","date_gmt":"2024-08-13T22:00:00","guid":{"rendered":"https:\/\/partyinabox.dk\/party\/?post_type=product&#038;p=68526"},"modified":"2026-05-02T21:52:37","modified_gmt":"2026-05-02T19:52:37","slug":"spidey-his-amazing-friends-festhat","status":"publish","type":"product","link":"https:\/\/partyinabox.dk\/party\/vare\/spidey-his-amazing-friends-festhat\/","title":{"rendered":"Spidey &#038; hans fantastiske venner\u00ae festhat"},"content":{"rendered":"<p>B\u00e5de f\u00f8dselaren og g\u00e6sterne har gl\u00e6de af disse Spidey festhatte, da hver enkel g\u00e6st evt. kan tage den med hjem efterf\u00f8lgende.<\/p>\n<p>Indhold: 6 stk \/M\u00e5l: 24,5 x 18,5 cm<\/p>\n","protected":false},"excerpt":{"rendered":"<p>B\u00e5de f\u00f8dselaren og g\u00e6sterne har gl\u00e6de af disse Spidey festhatte, da hver enkel g\u00e6st evt. kan tage den med hjem efterf\u00f8lgende. Indhold: 6 stk \/M\u00e5l: 24,5 x 18,5 cm<\/p>\n","protected":false},"featured_media":68527,"template":"","meta":{"_acf_changed":false},"product_brand":[],"product_cat":[34],"product_tag":[],"class_list":{"0":"post-68526","1":"product","2":"type-product","3":"status-publish","4":"has-post-thumbnail","6":"product_cat-accessories","8":"first","9":"instock","10":"taxable","11":"shipping-taxable","12":"purchasable","13":"product-type-simple"},"bundled_by":[],"bundle_stock_status":"instock","bundle_stock_quantity":12,"bundle_virtual":false,"bundle_layout":"","bundle_add_to_cart_form_location":"","bundle_editable_in_cart":false,"bundle_sold_individually_context":"","bundle_item_grouping":"","bundle_min_size":"","bundle_max_size":"","bundle_price":[],"bundled_items":[],"bundle_sell_ids":[],"acf":[],"tiered_pricing_type":"fixed","tiered_pricing_fixed_rules":[],"tiered_pricing_product_settings":{"layout":"default","base_unit_name":{"singular":null,"plural":null},"default_variation":null},"tiered_pricing_minimum_quantity":null,"tiered_pricing_roles_data":[],"tiered_pricing_percentage_rules":[],"tiered_pricing_maximum_quantity":null,"tiered_pricing_quantity_step":null,"_links":{"self":[{"href":"https:\/\/partyinabox.dk\/party\/wp-json\/wp\/v2\/product\/68526","targetHints":{"allow":["GET"]}}],"collection":[{"href":"https:\/\/partyinabox.dk\/party\/wp-json\/wp\/v2\/product"}],"about":[{"href":"https:\/\/partyinabox.dk\/party\/wp-json\/wp\/v2\/types\/product"}],"wp:featuredmedia":[{"embeddable":true,"href":"https:\/\/partyinabox.dk\/party\/wp-json\/wp\/v2\/media\/68527"}],"wp:attachment":[{"href":"https:\/\/partyinabox.dk\/party\/wp-json\/wp\/v2\/media?parent=68526"}],"wp:term":[{"taxonomy":"product_brand","embeddable":true,"href":"https:\/\/partyinabox.dk\/party\/wp-json\/wp\/v2\/product_brand?post=68526"},{"taxonomy":"product_cat","embeddable":true,"href":"https:\/\/partyinabox.dk\/party\/wp-json\/wp\/v2\/product_cat?post=68526"},{"taxonomy":"product_tag","embeddable":true,"href":"https:\/\/partyinabox.dk\/party\/wp-json\/wp\/v2\/product_tag?post=68526"}],"curies":[{"name":"wp","href":"https:\/\/api.w.org\/{rel}","templated":true}]}}