{"id":68128,"date":"2024-08-07T08:52:46","date_gmt":"2024-08-07T06:52:46","guid":{"rendered":"https:\/\/partyinabox.dk\/party\/?post_type=product&#038;p=68128"},"modified":"2026-04-14T21:53:18","modified_gmt":"2026-04-14T19:53:18","slug":"pippi-langstroempe-isbaeger","status":"publish","type":"product","link":"https:\/\/partyinabox.dk\/party\/vare\/pippi-langstroempe-isbaeger\/","title":{"rendered":"Pippi Langstr\u00f8mpe\u00ae isb\u00e6ger"},"content":{"rendered":"<p>K\u00f8b de s\u00f8deste Pippe b\u00e6gre der b\u00e5de kan bruges som Pippi isb\u00e6gre, men som ogs\u00e5 kan bruges til popcorn, slik, mad og mange andre ting.<\/p>\n<p>Indhold 8 stk \/ M\u00e5l: D9 x H6,3 cm , 240 ml<\/p>\n","protected":false},"excerpt":{"rendered":"<p>K\u00f8b de s\u00f8deste Pippe b\u00e6gre der b\u00e5de kan bruges som Pippi isb\u00e6gre, men som ogs\u00e5 kan bruges til popcorn, slik, mad og mange andre ting. Indhold 8 stk \/ M\u00e5l: D9 x H6,3 cm , 240 ml<\/p>\n","protected":false},"featured_media":68133,"template":"","meta":{"_acf_changed":false},"product_brand":[],"product_cat":[32],"product_tag":[],"class_list":{"0":"post-68128","1":"product","2":"type-product","3":"status-publish","4":"has-post-thumbnail","6":"product_cat-service","8":"first","9":"instock","10":"taxable","11":"shipping-taxable","12":"purchasable","13":"product-type-simple"},"bundled_by":[],"bundle_stock_status":"instock","bundle_stock_quantity":26,"bundle_virtual":false,"bundle_layout":"","bundle_add_to_cart_form_location":"","bundle_editable_in_cart":false,"bundle_sold_individually_context":"","bundle_item_grouping":"","bundle_min_size":"","bundle_max_size":"","bundle_price":[],"bundled_items":[],"bundle_sell_ids":[],"acf":[],"tiered_pricing_type":"fixed","tiered_pricing_fixed_rules":[],"tiered_pricing_product_settings":{"layout":"default","base_unit_name":{"singular":null,"plural":null},"default_variation":null},"tiered_pricing_minimum_quantity":null,"tiered_pricing_roles_data":[],"tiered_pricing_percentage_rules":[],"tiered_pricing_maximum_quantity":null,"tiered_pricing_quantity_step":null,"_links":{"self":[{"href":"https:\/\/partyinabox.dk\/party\/wp-json\/wp\/v2\/product\/68128","targetHints":{"allow":["GET"]}}],"collection":[{"href":"https:\/\/partyinabox.dk\/party\/wp-json\/wp\/v2\/product"}],"about":[{"href":"https:\/\/partyinabox.dk\/party\/wp-json\/wp\/v2\/types\/product"}],"wp:featuredmedia":[{"embeddable":true,"href":"https:\/\/partyinabox.dk\/party\/wp-json\/wp\/v2\/media\/68133"}],"wp:attachment":[{"href":"https:\/\/partyinabox.dk\/party\/wp-json\/wp\/v2\/media?parent=68128"}],"wp:term":[{"taxonomy":"product_brand","embeddable":true,"href":"https:\/\/partyinabox.dk\/party\/wp-json\/wp\/v2\/product_brand?post=68128"},{"taxonomy":"product_cat","embeddable":true,"href":"https:\/\/partyinabox.dk\/party\/wp-json\/wp\/v2\/product_cat?post=68128"},{"taxonomy":"product_tag","embeddable":true,"href":"https:\/\/partyinabox.dk\/party\/wp-json\/wp\/v2\/product_tag?post=68128"}],"curies":[{"name":"wp","href":"https:\/\/api.w.org\/{rel}","templated":true}]}}