{"id":68057,"date":"2024-08-06T12:10:21","date_gmt":"2024-08-06T10:10:21","guid":{"rendered":"https:\/\/partyinabox.dk\/party\/?post_type=product&#038;p=68057"},"modified":"2026-04-19T09:31:22","modified_gmt":"2026-04-19T07:31:22","slug":"loevebamse-folieballon","status":"publish","type":"product","link":"https:\/\/partyinabox.dk\/party\/vare\/loevebamse-folieballon\/","title":{"rendered":"L\u00f8vebamse folieballon"},"content":{"rendered":"<p>S\u00f8d l\u00f8ve folieballon der kan passer b\u00e5de ind i jungle temaet eller hvis man elsker dyr eller l\u00f8ver. Ballonen m\u00e5ler ca. 57 x 52 cm n\u00e5r den er pustet op.<\/p>\n<p>Folieballonen kan pustet op med almindelig luft eller helium hvis den skal sv\u00e6ve. Tilk\u00f8b evt. en ballonv\u00e6gt og noget b\u00e5nd s\u00e5 den ikke sv\u00e6ver v\u00e6k.<\/p>\n<p>Indhold: 1 stk \/ M\u00e5l: 70 x 67 cm<\/p>\n<p>&nbsp;<\/p>\n","protected":false},"excerpt":{"rendered":"<p>S\u00f8d l\u00f8ve folieballon der kan passer b\u00e5de ind i jungle temaet eller hvis man elsker dyr eller l\u00f8ver. Ballonen m\u00e5ler ca. 57 x 52 cm n\u00e5r den er pustet op. Folieballonen kan pustet op med almindelig luft eller helium hvis [&hellip;]<\/p>\n","protected":false},"featured_media":68059,"template":"","meta":{"_acf_changed":false},"product_brand":[],"product_cat":[30],"product_tag":[],"class_list":{"0":"post-68057","1":"product","2":"type-product","3":"status-publish","4":"has-post-thumbnail","6":"product_cat-balloner","8":"first","9":"instock","10":"taxable","11":"shipping-taxable","12":"purchasable","13":"product-type-simple"},"bundled_by":[],"bundle_stock_status":"instock","bundle_stock_quantity":28,"bundle_virtual":false,"bundle_layout":"","bundle_add_to_cart_form_location":"","bundle_editable_in_cart":false,"bundle_sold_individually_context":"","bundle_item_grouping":"","bundle_min_size":"","bundle_max_size":"","bundle_price":[],"bundled_items":[],"bundle_sell_ids":[],"acf":[],"tiered_pricing_type":"fixed","tiered_pricing_fixed_rules":[],"tiered_pricing_product_settings":{"layout":"default","base_unit_name":{"singular":null,"plural":null},"default_variation":null},"tiered_pricing_minimum_quantity":null,"tiered_pricing_roles_data":[],"tiered_pricing_percentage_rules":[],"tiered_pricing_maximum_quantity":null,"tiered_pricing_quantity_step":null,"_links":{"self":[{"href":"https:\/\/partyinabox.dk\/party\/wp-json\/wp\/v2\/product\/68057","targetHints":{"allow":["GET"]}}],"collection":[{"href":"https:\/\/partyinabox.dk\/party\/wp-json\/wp\/v2\/product"}],"about":[{"href":"https:\/\/partyinabox.dk\/party\/wp-json\/wp\/v2\/types\/product"}],"wp:featuredmedia":[{"embeddable":true,"href":"https:\/\/partyinabox.dk\/party\/wp-json\/wp\/v2\/media\/68059"}],"wp:attachment":[{"href":"https:\/\/partyinabox.dk\/party\/wp-json\/wp\/v2\/media?parent=68057"}],"wp:term":[{"taxonomy":"product_brand","embeddable":true,"href":"https:\/\/partyinabox.dk\/party\/wp-json\/wp\/v2\/product_brand?post=68057"},{"taxonomy":"product_cat","embeddable":true,"href":"https:\/\/partyinabox.dk\/party\/wp-json\/wp\/v2\/product_cat?post=68057"},{"taxonomy":"product_tag","embeddable":true,"href":"https:\/\/partyinabox.dk\/party\/wp-json\/wp\/v2\/product_tag?post=68057"}],"curies":[{"name":"wp","href":"https:\/\/api.w.org\/{rel}","templated":true}]}}