{"id":672,"date":"2022-05-10T00:00:00","date_gmt":"2022-05-09T22:00:00","guid":{"rendered":"https:\/\/partyinabox.dk\/party\/?post_type=product&#038;p=672"},"modified":"2026-04-28T20:05:37","modified_gmt":"2026-04-28T18:05:37","slug":"guld-balloner","status":"publish","type":"product","link":"https:\/\/partyinabox.dk\/party\/vare\/guld-balloner\/","title":{"rendered":"Metallisk guld ballon"},"content":{"rendered":"<p>Hvorfor holde sig til det almindelige, n\u00e5r man kan g\u00e5 efter guld? Forestil dig dit n\u00e6ste arrangement, hvor rummet lyser op med disse skinnende guldballoner, og ja, du g\u00e6ttede rigtigt, de er lavet af det st\u00e6rkeste latex, s\u00e5 du ikke beh\u00f8ver at bekymre dig om, at festen falder fladt f\u00f8r tiden.<\/p>\n<p>De kommer i en handy pakke p\u00e5 enten 10 stk. s\u00e5 uanset om du planl\u00e6gger en intim middag eller en storsl\u00e5et fest, har vi d\u00e6kket dig ind. Og lad os v\u00e6re \u00e6rlige, hvem beh\u00f8ver begrundelse for at tilf\u00f8je lidt ekstra guldglans til livet? Ikke mig. Plus, med en sv\u00e6vetid p\u00e5 op til 10 timer med helium, bliver disse balloner festens midtpunkt l\u00e6ngere end tante Ruth holder p\u00e5 dansegulvet!<\/p>\n<p>S\u00e5 snup en pakke (eller tre), pust dem op og se dit party transformere til et fortryllende guldlandskab. Og husk, guld er ikke kun en farve; det er en tilstand.<\/p>\n","protected":false},"excerpt":{"rendered":"<p>Hvorfor holde sig til det almindelige, n\u00e5r man kan g\u00e5 efter guld? Forestil dig dit n\u00e6ste arrangement, hvor rummet lyser op med disse skinnende guldballoner, og ja, du g\u00e6ttede rigtigt, de er lavet af det st\u00e6rkeste latex, s\u00e5 du ikke [&hellip;]<\/p>\n","protected":false},"featured_media":673,"template":"","meta":{"_acf_changed":false},"product_brand":[],"product_cat":[30],"product_tag":[],"class_list":{"0":"post-672","1":"product","2":"type-product","3":"status-publish","4":"has-post-thumbnail","6":"product_cat-balloner","8":"first","9":"instock","10":"taxable","11":"shipping-taxable","12":"purchasable","13":"product-type-simple"},"bundled_by":[],"bundle_stock_status":"instock","bundle_stock_quantity":46,"bundle_virtual":false,"bundle_layout":"","bundle_add_to_cart_form_location":"","bundle_editable_in_cart":false,"bundle_sold_individually_context":"","bundle_item_grouping":"","bundle_min_size":"","bundle_max_size":"","bundle_price":[],"bundled_items":[],"bundle_sell_ids":[],"acf":[],"tiered_pricing_type":"fixed","tiered_pricing_fixed_rules":[],"tiered_pricing_product_settings":{"layout":"default","base_unit_name":{"singular":null,"plural":null},"default_variation":null},"tiered_pricing_minimum_quantity":null,"tiered_pricing_roles_data":[],"tiered_pricing_percentage_rules":[],"tiered_pricing_maximum_quantity":null,"tiered_pricing_quantity_step":null,"_links":{"self":[{"href":"https:\/\/partyinabox.dk\/party\/wp-json\/wp\/v2\/product\/672","targetHints":{"allow":["GET"]}}],"collection":[{"href":"https:\/\/partyinabox.dk\/party\/wp-json\/wp\/v2\/product"}],"about":[{"href":"https:\/\/partyinabox.dk\/party\/wp-json\/wp\/v2\/types\/product"}],"wp:featuredmedia":[{"embeddable":true,"href":"https:\/\/partyinabox.dk\/party\/wp-json\/wp\/v2\/media\/673"}],"wp:attachment":[{"href":"https:\/\/partyinabox.dk\/party\/wp-json\/wp\/v2\/media?parent=672"}],"wp:term":[{"taxonomy":"product_brand","embeddable":true,"href":"https:\/\/partyinabox.dk\/party\/wp-json\/wp\/v2\/product_brand?post=672"},{"taxonomy":"product_cat","embeddable":true,"href":"https:\/\/partyinabox.dk\/party\/wp-json\/wp\/v2\/product_cat?post=672"},{"taxonomy":"product_tag","embeddable":true,"href":"https:\/\/partyinabox.dk\/party\/wp-json\/wp\/v2\/product_tag?post=672"}],"curies":[{"name":"wp","href":"https:\/\/api.w.org\/{rel}","templated":true}]}}