{"id":66845,"date":"2024-07-08T12:51:14","date_gmt":"2024-07-08T10:51:14","guid":{"rendered":"https:\/\/partyinabox.dk\/party\/?post_type=product&#038;p=66845"},"modified":"2026-03-25T07:28:56","modified_gmt":"2026-03-25T06:28:56","slug":"haarbaand-med-graeskar","status":"publish","type":"product","link":"https:\/\/partyinabox.dk\/party\/vare\/haarbaand-med-graeskar\/","title":{"rendered":"H\u00e5rb\u00e5nd med gr\u00e6skar"},"content":{"rendered":"<p>V\u00e6r med til at fejre halloween med dette h\u00e5rb\u00e5nd med 2 gr\u00e6skar p\u00e5.<\/p>\n<p>&nbsp;<\/p>\n<p>Indhold: 1 stk<\/p>\n","protected":false},"excerpt":{"rendered":"<p>V\u00e6r med til at fejre halloween med dette h\u00e5rb\u00e5nd med 2 gr\u00e6skar p\u00e5. &nbsp; Indhold: 1 stk<\/p>\n","protected":false},"featured_media":70837,"template":"","meta":{"_acf_changed":false},"product_brand":[],"product_cat":[34],"product_tag":[],"class_list":{"0":"post-66845","1":"product","2":"type-product","3":"status-publish","4":"has-post-thumbnail","6":"product_cat-accessories","8":"first","9":"instock","10":"taxable","11":"shipping-taxable","12":"purchasable","13":"product-type-simple"},"bundled_by":[],"bundle_stock_status":"instock","bundle_stock_quantity":62,"bundle_virtual":false,"bundle_layout":"","bundle_add_to_cart_form_location":"","bundle_editable_in_cart":false,"bundle_sold_individually_context":"","bundle_item_grouping":"","bundle_min_size":"","bundle_max_size":"","bundle_price":[],"bundled_items":[],"bundle_sell_ids":[],"acf":[],"tiered_pricing_type":"fixed","tiered_pricing_fixed_rules":[],"tiered_pricing_product_settings":{"layout":"default","base_unit_name":{"singular":null,"plural":null},"default_variation":null},"tiered_pricing_minimum_quantity":null,"tiered_pricing_roles_data":[],"tiered_pricing_percentage_rules":[],"tiered_pricing_maximum_quantity":null,"tiered_pricing_quantity_step":null,"_links":{"self":[{"href":"https:\/\/partyinabox.dk\/party\/wp-json\/wp\/v2\/product\/66845","targetHints":{"allow":["GET"]}}],"collection":[{"href":"https:\/\/partyinabox.dk\/party\/wp-json\/wp\/v2\/product"}],"about":[{"href":"https:\/\/partyinabox.dk\/party\/wp-json\/wp\/v2\/types\/product"}],"wp:featuredmedia":[{"embeddable":true,"href":"https:\/\/partyinabox.dk\/party\/wp-json\/wp\/v2\/media\/70837"}],"wp:attachment":[{"href":"https:\/\/partyinabox.dk\/party\/wp-json\/wp\/v2\/media?parent=66845"}],"wp:term":[{"taxonomy":"product_brand","embeddable":true,"href":"https:\/\/partyinabox.dk\/party\/wp-json\/wp\/v2\/product_brand?post=66845"},{"taxonomy":"product_cat","embeddable":true,"href":"https:\/\/partyinabox.dk\/party\/wp-json\/wp\/v2\/product_cat?post=66845"},{"taxonomy":"product_tag","embeddable":true,"href":"https:\/\/partyinabox.dk\/party\/wp-json\/wp\/v2\/product_tag?post=66845"}],"curies":[{"name":"wp","href":"https:\/\/api.w.org\/{rel}","templated":true}]}}