{"id":66838,"date":"2024-07-08T12:25:39","date_gmt":"2024-07-08T10:25:39","guid":{"rendered":"https:\/\/partyinabox.dk\/party\/?post_type=product&#038;p=66838"},"modified":"2026-03-17T13:52:29","modified_gmt":"2026-03-17T12:52:29","slug":"graeskar-lysstav","status":"publish","type":"product","link":"https:\/\/partyinabox.dk\/party\/vare\/graeskar-lysstav\/","title":{"rendered":"Gr\u00e6skar fiberoptisk lysstav"},"content":{"rendered":"<p>K\u00f8b denne orange gr\u00e6skar &#8220;lysstav&#8221; med flere lyspinde og lys op i natten og m\u00f8rket. Kan blinke i forskellige farver og kan skifte farve, s\u00e5 b\u00e5de gr\u00e6skar lyser op og pindene. De fleste b\u00f8rn vil elske den.<\/p>\n<p>Indhold: 1 stk<\/p>\n","protected":false},"excerpt":{"rendered":"<p>K\u00f8b denne orange gr\u00e6skar &#8220;lysstav&#8221; med flere lyspinde og lys op i natten og m\u00f8rket. Kan blinke i forskellige farver og kan skifte farve, s\u00e5 b\u00e5de gr\u00e6skar lyser op og pindene. De fleste b\u00f8rn vil elske den. Indhold: 1 stk<\/p>\n","protected":false},"featured_media":66839,"template":"","meta":{"_acf_changed":false},"product_brand":[],"product_cat":[34],"product_tag":[],"class_list":{"0":"post-66838","1":"product","2":"type-product","3":"status-publish","4":"has-post-thumbnail","6":"product_cat-accessories","8":"first","9":"instock","10":"taxable","11":"shipping-taxable","12":"purchasable","13":"product-type-simple"},"bundled_by":[],"bundle_stock_status":"instock","bundle_stock_quantity":61,"bundle_virtual":false,"bundle_layout":"","bundle_add_to_cart_form_location":"","bundle_editable_in_cart":false,"bundle_sold_individually_context":"","bundle_item_grouping":"","bundle_min_size":"","bundle_max_size":"","bundle_price":[],"bundled_items":[],"bundle_sell_ids":[],"acf":[],"tiered_pricing_type":"fixed","tiered_pricing_fixed_rules":[],"tiered_pricing_product_settings":{"layout":"default","base_unit_name":{"singular":null,"plural":null},"default_variation":null},"tiered_pricing_minimum_quantity":null,"tiered_pricing_roles_data":[],"tiered_pricing_percentage_rules":[],"tiered_pricing_maximum_quantity":null,"tiered_pricing_quantity_step":null,"_links":{"self":[{"href":"https:\/\/partyinabox.dk\/party\/wp-json\/wp\/v2\/product\/66838","targetHints":{"allow":["GET"]}}],"collection":[{"href":"https:\/\/partyinabox.dk\/party\/wp-json\/wp\/v2\/product"}],"about":[{"href":"https:\/\/partyinabox.dk\/party\/wp-json\/wp\/v2\/types\/product"}],"wp:featuredmedia":[{"embeddable":true,"href":"https:\/\/partyinabox.dk\/party\/wp-json\/wp\/v2\/media\/66839"}],"wp:attachment":[{"href":"https:\/\/partyinabox.dk\/party\/wp-json\/wp\/v2\/media?parent=66838"}],"wp:term":[{"taxonomy":"product_brand","embeddable":true,"href":"https:\/\/partyinabox.dk\/party\/wp-json\/wp\/v2\/product_brand?post=66838"},{"taxonomy":"product_cat","embeddable":true,"href":"https:\/\/partyinabox.dk\/party\/wp-json\/wp\/v2\/product_cat?post=66838"},{"taxonomy":"product_tag","embeddable":true,"href":"https:\/\/partyinabox.dk\/party\/wp-json\/wp\/v2\/product_tag?post=66838"}],"curies":[{"name":"wp","href":"https:\/\/api.w.org\/{rel}","templated":true}]}}