{"id":66268,"date":"2024-06-25T09:50:24","date_gmt":"2024-06-25T07:50:24","guid":{"rendered":"https:\/\/partyinabox.dk\/party\/?post_type=product&#038;p=66268"},"modified":"2026-03-18T08:04:28","modified_gmt":"2026-03-18T07:04:28","slug":"roed-paptallerken-m-guld-blade","status":"publish","type":"product","link":"https:\/\/partyinabox.dk\/party\/vare\/roed-paptallerken-m-guld-blade\/","title":{"rendered":"R\u00f8d paptallerken m\/guld blade"},"content":{"rendered":"<p>Smuk r\u00f8d paptallerken med guld blade der kan bruges b\u00e5de til jul, nyt\u00e5r eller hvis man skal holde andre fester hvor r\u00f8d og guld passer godt ind.<\/p>\n<p>Indhold: 10 stk \/ M\u00e5l: D21 cm<\/p>\n","protected":false},"excerpt":{"rendered":"<p>Smuk r\u00f8d paptallerken med guld blade der kan bruges b\u00e5de til jul, nyt\u00e5r eller hvis man skal holde andre fester hvor r\u00f8d og guld passer godt ind. Indhold: 10 stk \/ M\u00e5l: D21 cm<\/p>\n","protected":false},"featured_media":66270,"template":"","meta":{"_acf_changed":false},"product_brand":[],"product_cat":[32],"product_tag":[],"class_list":{"0":"post-66268","1":"product","2":"type-product","3":"status-publish","4":"has-post-thumbnail","6":"product_cat-service","8":"first","9":"instock","10":"taxable","11":"shipping-taxable","12":"purchasable","13":"product-type-simple"},"bundled_by":[],"bundle_stock_status":"instock","bundle_stock_quantity":7,"bundle_virtual":false,"bundle_layout":"","bundle_add_to_cart_form_location":"","bundle_editable_in_cart":false,"bundle_sold_individually_context":"","bundle_item_grouping":"","bundle_min_size":"","bundle_max_size":"","bundle_price":[],"bundled_items":[],"bundle_sell_ids":[],"acf":[],"tiered_pricing_type":"fixed","tiered_pricing_fixed_rules":[],"tiered_pricing_product_settings":{"layout":"default","base_unit_name":{"singular":null,"plural":null},"default_variation":null},"tiered_pricing_minimum_quantity":null,"tiered_pricing_roles_data":[],"tiered_pricing_percentage_rules":[],"tiered_pricing_maximum_quantity":null,"tiered_pricing_quantity_step":null,"_links":{"self":[{"href":"https:\/\/partyinabox.dk\/party\/wp-json\/wp\/v2\/product\/66268","targetHints":{"allow":["GET"]}}],"collection":[{"href":"https:\/\/partyinabox.dk\/party\/wp-json\/wp\/v2\/product"}],"about":[{"href":"https:\/\/partyinabox.dk\/party\/wp-json\/wp\/v2\/types\/product"}],"wp:featuredmedia":[{"embeddable":true,"href":"https:\/\/partyinabox.dk\/party\/wp-json\/wp\/v2\/media\/66270"}],"wp:attachment":[{"href":"https:\/\/partyinabox.dk\/party\/wp-json\/wp\/v2\/media?parent=66268"}],"wp:term":[{"taxonomy":"product_brand","embeddable":true,"href":"https:\/\/partyinabox.dk\/party\/wp-json\/wp\/v2\/product_brand?post=66268"},{"taxonomy":"product_cat","embeddable":true,"href":"https:\/\/partyinabox.dk\/party\/wp-json\/wp\/v2\/product_cat?post=66268"},{"taxonomy":"product_tag","embeddable":true,"href":"https:\/\/partyinabox.dk\/party\/wp-json\/wp\/v2\/product_tag?post=66268"}],"curies":[{"name":"wp","href":"https:\/\/api.w.org\/{rel}","templated":true}]}}