{"id":66247,"date":"2024-06-25T08:23:39","date_gmt":"2024-06-25T06:23:39","guid":{"rendered":"https:\/\/partyinabox.dk\/party\/?post_type=product&#038;p=66247"},"modified":"2026-03-16T13:15:48","modified_gmt":"2026-03-16T12:15:48","slug":"sort-dug-med-uhyggelig-graeskar-plastik","status":"publish","type":"product","link":"https:\/\/partyinabox.dk\/party\/vare\/sort-dug-med-uhyggelig-graeskar-plastik\/","title":{"rendered":"Sort dug med uhyggelig gr\u00e6skar (plastik)"},"content":{"rendered":"<p>Skal du holde halloween fest og vil g\u00f8re din bordopd\u00e6kning ekstra uhyggelig? S\u00e5 er det den her dug, du skal have fat i.<\/p>\n<p>Den er sort med gr\u00e6skar med ild i. Det vil helt sikkert g\u00f8re dine g\u00e6ster skr\u00e6mte.<\/p>\n<p>Duggen er af plastik og er PE, s\u00e5 dine g\u00e6ster kan spilde, uden det vil g\u00f8re det store.<\/p>\n<p>M\u00e5l: 120&#215;180 cm.<\/p>\n","protected":false},"excerpt":{"rendered":"<p>Skal du holde halloween fest og vil g\u00f8re din bordopd\u00e6kning ekstra uhyggelig? S\u00e5 er det den her dug, du skal have fat i. Den er sort med gr\u00e6skar med ild i. Det vil helt sikkert g\u00f8re dine g\u00e6ster skr\u00e6mte. Duggen [&hellip;]<\/p>\n","protected":false},"featured_media":66248,"template":"","meta":{"_acf_changed":false},"product_brand":[],"product_cat":[32],"product_tag":[],"class_list":{"0":"post-66247","1":"product","2":"type-product","3":"status-publish","4":"has-post-thumbnail","6":"product_cat-service","8":"first","9":"instock","10":"taxable","11":"shipping-taxable","12":"purchasable","13":"product-type-simple"},"bundled_by":[],"bundle_stock_status":"instock","bundle_stock_quantity":87,"bundle_virtual":false,"bundle_layout":"","bundle_add_to_cart_form_location":"","bundle_editable_in_cart":false,"bundle_sold_individually_context":"","bundle_item_grouping":"","bundle_min_size":"","bundle_max_size":"","bundle_price":[],"bundled_items":[],"bundle_sell_ids":[],"acf":[],"tiered_pricing_type":"fixed","tiered_pricing_fixed_rules":[],"tiered_pricing_product_settings":{"layout":"default","base_unit_name":{"singular":null,"plural":null},"default_variation":null},"tiered_pricing_minimum_quantity":null,"tiered_pricing_roles_data":[],"tiered_pricing_percentage_rules":[],"tiered_pricing_maximum_quantity":null,"tiered_pricing_quantity_step":null,"_links":{"self":[{"href":"https:\/\/partyinabox.dk\/party\/wp-json\/wp\/v2\/product\/66247","targetHints":{"allow":["GET"]}}],"collection":[{"href":"https:\/\/partyinabox.dk\/party\/wp-json\/wp\/v2\/product"}],"about":[{"href":"https:\/\/partyinabox.dk\/party\/wp-json\/wp\/v2\/types\/product"}],"wp:featuredmedia":[{"embeddable":true,"href":"https:\/\/partyinabox.dk\/party\/wp-json\/wp\/v2\/media\/66248"}],"wp:attachment":[{"href":"https:\/\/partyinabox.dk\/party\/wp-json\/wp\/v2\/media?parent=66247"}],"wp:term":[{"taxonomy":"product_brand","embeddable":true,"href":"https:\/\/partyinabox.dk\/party\/wp-json\/wp\/v2\/product_brand?post=66247"},{"taxonomy":"product_cat","embeddable":true,"href":"https:\/\/partyinabox.dk\/party\/wp-json\/wp\/v2\/product_cat?post=66247"},{"taxonomy":"product_tag","embeddable":true,"href":"https:\/\/partyinabox.dk\/party\/wp-json\/wp\/v2\/product_tag?post=66247"}],"curies":[{"name":"wp","href":"https:\/\/api.w.org\/{rel}","templated":true}]}}