{"id":66210,"date":"2024-06-24T15:06:06","date_gmt":"2024-06-24T13:06:06","guid":{"rendered":"https:\/\/partyinabox.dk\/party\/?post_type=product&#038;p=66210"},"modified":"2026-03-16T11:31:31","modified_gmt":"2026-03-16T10:31:31","slug":"slange-plastik","status":"publish","type":"product","link":"https:\/\/partyinabox.dk\/party\/vare\/slange-plastik\/","title":{"rendered":"Slange (plastik)"},"content":{"rendered":"<p>Skal du skabe en uhyggelig og ul\u00e6kker stemning til din Halloween fest? S\u00e5 vil den her slange passe godt ind. Brug den i din bordopd\u00e6kning, l\u00e6g den p\u00e5 midten af bordet, hvor dine g\u00e6ster rigtig kan blive skr\u00e6mt. Kan ogs\u00e5 l\u00e6gge ved indgangen eller p\u00e5 badev\u00e6relset.<\/p>\n<p>H\u00e6ng den ogs\u00e5 ned fra loftet med fiskesn\u00f8re.<\/p>\n<p>Slangen er sort med r\u00f8de og gr\u00f8nne pletter. Den er 75 cm lang.<\/p>\n","protected":false},"excerpt":{"rendered":"<p>Skal du skabe en uhyggelig og ul\u00e6kker stemning til din Halloween fest? S\u00e5 vil den her slange passe godt ind. Brug den i din bordopd\u00e6kning, l\u00e6g den p\u00e5 midten af bordet, hvor dine g\u00e6ster rigtig kan blive skr\u00e6mt. Kan ogs\u00e5 [&hellip;]<\/p>\n","protected":false},"featured_media":71104,"template":"","meta":{"_acf_changed":false},"product_brand":[],"product_cat":[19],"product_tag":[],"class_list":{"0":"post-66210","1":"product","2":"type-product","3":"status-publish","4":"has-post-thumbnail","6":"product_cat-pynt","8":"first","9":"instock","10":"taxable","11":"shipping-taxable","12":"purchasable","13":"product-type-simple"},"bundled_by":[],"bundle_stock_status":"instock","bundle_stock_quantity":15,"bundle_virtual":false,"bundle_layout":"","bundle_add_to_cart_form_location":"","bundle_editable_in_cart":false,"bundle_sold_individually_context":"","bundle_item_grouping":"","bundle_min_size":"","bundle_max_size":"","bundle_price":[],"bundled_items":[],"bundle_sell_ids":[],"acf":[],"tiered_pricing_type":"fixed","tiered_pricing_fixed_rules":[],"tiered_pricing_product_settings":{"layout":"default","base_unit_name":{"singular":null,"plural":null},"default_variation":null},"tiered_pricing_minimum_quantity":null,"tiered_pricing_roles_data":[],"tiered_pricing_percentage_rules":[],"tiered_pricing_maximum_quantity":null,"tiered_pricing_quantity_step":null,"_links":{"self":[{"href":"https:\/\/partyinabox.dk\/party\/wp-json\/wp\/v2\/product\/66210","targetHints":{"allow":["GET"]}}],"collection":[{"href":"https:\/\/partyinabox.dk\/party\/wp-json\/wp\/v2\/product"}],"about":[{"href":"https:\/\/partyinabox.dk\/party\/wp-json\/wp\/v2\/types\/product"}],"wp:featuredmedia":[{"embeddable":true,"href":"https:\/\/partyinabox.dk\/party\/wp-json\/wp\/v2\/media\/71104"}],"wp:attachment":[{"href":"https:\/\/partyinabox.dk\/party\/wp-json\/wp\/v2\/media?parent=66210"}],"wp:term":[{"taxonomy":"product_brand","embeddable":true,"href":"https:\/\/partyinabox.dk\/party\/wp-json\/wp\/v2\/product_brand?post=66210"},{"taxonomy":"product_cat","embeddable":true,"href":"https:\/\/partyinabox.dk\/party\/wp-json\/wp\/v2\/product_cat?post=66210"},{"taxonomy":"product_tag","embeddable":true,"href":"https:\/\/partyinabox.dk\/party\/wp-json\/wp\/v2\/product_tag?post=66210"}],"curies":[{"name":"wp","href":"https:\/\/api.w.org\/{rel}","templated":true}]}}