{"id":66202,"date":"2024-06-24T14:38:28","date_gmt":"2024-06-24T12:38:28","guid":{"rendered":"https:\/\/partyinabox.dk\/party\/?post_type=product&#038;p=66202"},"modified":"2026-03-23T18:53:05","modified_gmt":"2026-03-23T17:53:05","slug":"bodig-stof-dug","status":"publish","type":"product","link":"https:\/\/partyinabox.dk\/party\/vare\/bodig-stof-dug\/","title":{"rendered":"Bodig stof dug"},"content":{"rendered":"<p>Har du valgt blodig tema til din Halloween fest, s\u00e5 er dugen et must-have. Du f\u00e5r en hvid stof dug med blodig pletter, perfekt til din uhyggelige bordopd\u00e6kning.<\/p>\n<p>Sammens\u00e6t det med de blodige tallerkner, kopper og servietter.<\/p>\n<p>M\u00e5l: 150&#215;180 cm.<\/p>\n","protected":false},"excerpt":{"rendered":"<p>Har du valgt blodig tema til din Halloween fest, s\u00e5 er dugen et must-have. Du f\u00e5r en hvid stof dug med blodig pletter, perfekt til din uhyggelige bordopd\u00e6kning. Sammens\u00e6t det med de blodige tallerkner, kopper og servietter. M\u00e5l: 150&#215;180 cm.<\/p>\n","protected":false},"featured_media":66205,"template":"","meta":{"_acf_changed":false},"product_brand":[],"product_cat":[32],"product_tag":[],"class_list":{"0":"post-66202","1":"product","2":"type-product","3":"status-publish","4":"has-post-thumbnail","6":"product_cat-service","8":"first","9":"instock","10":"taxable","11":"shipping-taxable","12":"purchasable","13":"product-type-simple"},"bundled_by":[],"bundle_stock_status":"instock","bundle_stock_quantity":149,"bundle_virtual":false,"bundle_layout":"","bundle_add_to_cart_form_location":"","bundle_editable_in_cart":false,"bundle_sold_individually_context":"","bundle_item_grouping":"","bundle_min_size":"","bundle_max_size":"","bundle_price":[],"bundled_items":[],"bundle_sell_ids":[],"acf":[],"tiered_pricing_type":"fixed","tiered_pricing_fixed_rules":[],"tiered_pricing_product_settings":{"layout":"default","base_unit_name":{"singular":null,"plural":null},"default_variation":null},"tiered_pricing_minimum_quantity":null,"tiered_pricing_roles_data":[],"tiered_pricing_percentage_rules":[],"tiered_pricing_maximum_quantity":null,"tiered_pricing_quantity_step":null,"_links":{"self":[{"href":"https:\/\/partyinabox.dk\/party\/wp-json\/wp\/v2\/product\/66202","targetHints":{"allow":["GET"]}}],"collection":[{"href":"https:\/\/partyinabox.dk\/party\/wp-json\/wp\/v2\/product"}],"about":[{"href":"https:\/\/partyinabox.dk\/party\/wp-json\/wp\/v2\/types\/product"}],"wp:featuredmedia":[{"embeddable":true,"href":"https:\/\/partyinabox.dk\/party\/wp-json\/wp\/v2\/media\/66205"}],"wp:attachment":[{"href":"https:\/\/partyinabox.dk\/party\/wp-json\/wp\/v2\/media?parent=66202"}],"wp:term":[{"taxonomy":"product_brand","embeddable":true,"href":"https:\/\/partyinabox.dk\/party\/wp-json\/wp\/v2\/product_brand?post=66202"},{"taxonomy":"product_cat","embeddable":true,"href":"https:\/\/partyinabox.dk\/party\/wp-json\/wp\/v2\/product_cat?post=66202"},{"taxonomy":"product_tag","embeddable":true,"href":"https:\/\/partyinabox.dk\/party\/wp-json\/wp\/v2\/product_tag?post=66202"}],"curies":[{"name":"wp","href":"https:\/\/api.w.org\/{rel}","templated":true}]}}