{"id":65023,"date":"2024-06-04T11:19:04","date_gmt":"2024-06-04T09:19:04","guid":{"rendered":"https:\/\/partyinabox.dk\/party\/?post_type=product&#038;p=65023"},"modified":"2026-04-10T09:11:40","modified_gmt":"2026-04-10T07:11:40","slug":"rosegold-glimmer-konfetti-40","status":"publish","type":"product","link":"https:\/\/partyinabox.dk\/party\/vare\/rosegold-glimmer-konfetti-40\/","title":{"rendered":"Rosegold glimmer konfetti &#8220;40&#8221;"},"content":{"rendered":"<p>Hold din 40 \u00e5rs f\u00f8dselsdag med disse flotte rosegold konfetti i pap og str\u00f8g dem ud over bordet.<\/p>\n<p>Indhold: 6 stk \/ M\u00e5l: 6 x 6 cm<\/p>\n","protected":false},"excerpt":{"rendered":"<p>Hold din 40 \u00e5rs f\u00f8dselsdag med disse flotte rosegold konfetti i pap og str\u00f8g dem ud over bordet. Indhold: 6 stk \/ M\u00e5l: 6 x 6 cm<\/p>\n","protected":false},"featured_media":65026,"template":"","meta":{"_acf_changed":false},"product_brand":[],"product_cat":[32],"product_tag":[],"class_list":{"0":"post-65023","1":"product","2":"type-product","3":"status-publish","4":"has-post-thumbnail","6":"product_cat-service","8":"first","9":"instock","10":"taxable","11":"shipping-taxable","12":"purchasable","13":"product-type-simple"},"bundled_by":[],"bundle_stock_status":"instock","bundle_stock_quantity":33,"bundle_virtual":false,"bundle_layout":"","bundle_add_to_cart_form_location":"","bundle_editable_in_cart":false,"bundle_sold_individually_context":"","bundle_item_grouping":"","bundle_min_size":"","bundle_max_size":"","bundle_price":[],"bundled_items":[],"bundle_sell_ids":[],"acf":[],"tiered_pricing_type":"fixed","tiered_pricing_fixed_rules":[],"tiered_pricing_product_settings":{"layout":"default","base_unit_name":{"singular":null,"plural":null},"default_variation":null},"tiered_pricing_minimum_quantity":null,"tiered_pricing_roles_data":[],"tiered_pricing_percentage_rules":[],"tiered_pricing_maximum_quantity":null,"tiered_pricing_quantity_step":null,"_links":{"self":[{"href":"https:\/\/partyinabox.dk\/party\/wp-json\/wp\/v2\/product\/65023","targetHints":{"allow":["GET"]}}],"collection":[{"href":"https:\/\/partyinabox.dk\/party\/wp-json\/wp\/v2\/product"}],"about":[{"href":"https:\/\/partyinabox.dk\/party\/wp-json\/wp\/v2\/types\/product"}],"wp:featuredmedia":[{"embeddable":true,"href":"https:\/\/partyinabox.dk\/party\/wp-json\/wp\/v2\/media\/65026"}],"wp:attachment":[{"href":"https:\/\/partyinabox.dk\/party\/wp-json\/wp\/v2\/media?parent=65023"}],"wp:term":[{"taxonomy":"product_brand","embeddable":true,"href":"https:\/\/partyinabox.dk\/party\/wp-json\/wp\/v2\/product_brand?post=65023"},{"taxonomy":"product_cat","embeddable":true,"href":"https:\/\/partyinabox.dk\/party\/wp-json\/wp\/v2\/product_cat?post=65023"},{"taxonomy":"product_tag","embeddable":true,"href":"https:\/\/partyinabox.dk\/party\/wp-json\/wp\/v2\/product_tag?post=65023"}],"curies":[{"name":"wp","href":"https:\/\/api.w.org\/{rel}","templated":true}]}}