{"id":64970,"date":"2024-06-07T00:00:00","date_gmt":"2024-06-06T22:00:00","guid":{"rendered":"https:\/\/partyinabox.dk\/party\/?post_type=product&#038;p=64970"},"modified":"2026-03-31T09:55:25","modified_gmt":"2026-03-31T07:55:25","slug":"rosegold-bord-pynt-40","status":"publish","type":"product","link":"https:\/\/partyinabox.dk\/party\/vare\/rosegold-bord-pynt-40\/","title":{"rendered":"Rosegold bordpynt &#8220;40&#8221;"},"content":{"rendered":"<p>D\u00e6k bordet flot til din 40 \u00e5rs f\u00f8dselsdag med dette flotte rosegold glimmer bordpynt der viser tallet &#8220;40&#8221;. Helt perfekt til en 40 \u00e5rs f\u00f8dselsdag.<\/p>\n<p>Indhold: 1 stk \/ M\u00e5l: 11 x 10 cm<\/p>\n","protected":false},"excerpt":{"rendered":"<p>D\u00e6k bordet flot til din 40 \u00e5rs f\u00f8dselsdag med dette flotte rosegold glimmer bordpynt der viser tallet &#8220;40&#8221;. Helt perfekt til en 40 \u00e5rs f\u00f8dselsdag. Indhold: 1 stk \/ M\u00e5l: 11 x 10 cm<\/p>\n","protected":false},"featured_media":64968,"template":"","meta":{"_acf_changed":false},"product_brand":[],"product_cat":[32],"product_tag":[],"class_list":{"0":"post-64970","1":"product","2":"type-product","3":"status-publish","4":"has-post-thumbnail","6":"product_cat-service","8":"first","9":"instock","10":"taxable","11":"shipping-taxable","12":"purchasable","13":"product-type-simple"},"bundled_by":[],"bundle_stock_status":"instock","bundle_stock_quantity":22,"bundle_virtual":false,"bundle_layout":"","bundle_add_to_cart_form_location":"","bundle_editable_in_cart":false,"bundle_sold_individually_context":"","bundle_item_grouping":"","bundle_min_size":"","bundle_max_size":"","bundle_price":[],"bundled_items":[],"bundle_sell_ids":[],"acf":[],"tiered_pricing_type":"fixed","tiered_pricing_fixed_rules":[],"tiered_pricing_product_settings":{"layout":"default","base_unit_name":{"singular":null,"plural":null},"default_variation":null},"tiered_pricing_minimum_quantity":null,"tiered_pricing_roles_data":[],"tiered_pricing_percentage_rules":[],"tiered_pricing_maximum_quantity":null,"tiered_pricing_quantity_step":null,"_links":{"self":[{"href":"https:\/\/partyinabox.dk\/party\/wp-json\/wp\/v2\/product\/64970","targetHints":{"allow":["GET"]}}],"collection":[{"href":"https:\/\/partyinabox.dk\/party\/wp-json\/wp\/v2\/product"}],"about":[{"href":"https:\/\/partyinabox.dk\/party\/wp-json\/wp\/v2\/types\/product"}],"wp:featuredmedia":[{"embeddable":true,"href":"https:\/\/partyinabox.dk\/party\/wp-json\/wp\/v2\/media\/64968"}],"wp:attachment":[{"href":"https:\/\/partyinabox.dk\/party\/wp-json\/wp\/v2\/media?parent=64970"}],"wp:term":[{"taxonomy":"product_brand","embeddable":true,"href":"https:\/\/partyinabox.dk\/party\/wp-json\/wp\/v2\/product_brand?post=64970"},{"taxonomy":"product_cat","embeddable":true,"href":"https:\/\/partyinabox.dk\/party\/wp-json\/wp\/v2\/product_cat?post=64970"},{"taxonomy":"product_tag","embeddable":true,"href":"https:\/\/partyinabox.dk\/party\/wp-json\/wp\/v2\/product_tag?post=64970"}],"curies":[{"name":"wp","href":"https:\/\/api.w.org\/{rel}","templated":true}]}}