{"id":64954,"date":"2024-06-04T00:00:00","date_gmt":"2024-06-03T22:00:00","guid":{"rendered":"https:\/\/partyinabox.dk\/party\/?post_type=product&#038;p=64954"},"modified":"2026-04-14T22:35:19","modified_gmt":"2026-04-14T20:35:19","slug":"guld-30-aar-konfetti","status":"publish","type":"product","link":"https:\/\/partyinabox.dk\/party\/vare\/guld-30-aar-konfetti\/","title":{"rendered":"Guld glimmer konfetti &#8220;30&#8221;"},"content":{"rendered":"<p>Drys dette 30 \u00e5rs guld konfetti rundt p\u00e5 bordet og fejr de 30 \u00e5r. Konfettien er lavet af pap og kan bruges b\u00e5de til at fejre en 30 \u00e5rs f\u00f8dselsdag eller evt. et 30 \u00e5rs jubil\u00e6um.<\/p>\n<p>Indhold: 6 stk \/ M\u00e5l: 6,5 x 7,5 cm<\/p>\n","protected":false},"excerpt":{"rendered":"<p>Drys dette 30 \u00e5rs guld konfetti rundt p\u00e5 bordet og fejr de 30 \u00e5r. Konfettien er lavet af pap og kan bruges b\u00e5de til at fejre en 30 \u00e5rs f\u00f8dselsdag eller evt. et 30 \u00e5rs jubil\u00e6um. Indhold: 6 stk \/ [&hellip;]<\/p>\n","protected":false},"featured_media":64955,"template":"","meta":{"_acf_changed":false},"product_brand":[],"product_cat":[32],"product_tag":[],"class_list":{"0":"post-64954","1":"product","2":"type-product","3":"status-publish","4":"has-post-thumbnail","6":"product_cat-service","8":"first","9":"instock","10":"taxable","11":"shipping-taxable","12":"purchasable","13":"product-type-simple"},"bundled_by":[],"bundle_stock_status":"instock","bundle_stock_quantity":13,"bundle_virtual":false,"bundle_layout":"","bundle_add_to_cart_form_location":"","bundle_editable_in_cart":false,"bundle_sold_individually_context":"","bundle_item_grouping":"","bundle_min_size":"","bundle_max_size":"","bundle_price":[],"bundled_items":[],"bundle_sell_ids":[],"acf":[],"tiered_pricing_type":"fixed","tiered_pricing_fixed_rules":[],"tiered_pricing_product_settings":{"layout":"default","base_unit_name":{"singular":null,"plural":null},"default_variation":null},"tiered_pricing_minimum_quantity":null,"tiered_pricing_roles_data":[],"tiered_pricing_percentage_rules":[],"tiered_pricing_maximum_quantity":null,"tiered_pricing_quantity_step":null,"_links":{"self":[{"href":"https:\/\/partyinabox.dk\/party\/wp-json\/wp\/v2\/product\/64954","targetHints":{"allow":["GET"]}}],"collection":[{"href":"https:\/\/partyinabox.dk\/party\/wp-json\/wp\/v2\/product"}],"about":[{"href":"https:\/\/partyinabox.dk\/party\/wp-json\/wp\/v2\/types\/product"}],"wp:featuredmedia":[{"embeddable":true,"href":"https:\/\/partyinabox.dk\/party\/wp-json\/wp\/v2\/media\/64955"}],"wp:attachment":[{"href":"https:\/\/partyinabox.dk\/party\/wp-json\/wp\/v2\/media?parent=64954"}],"wp:term":[{"taxonomy":"product_brand","embeddable":true,"href":"https:\/\/partyinabox.dk\/party\/wp-json\/wp\/v2\/product_brand?post=64954"},{"taxonomy":"product_cat","embeddable":true,"href":"https:\/\/partyinabox.dk\/party\/wp-json\/wp\/v2\/product_cat?post=64954"},{"taxonomy":"product_tag","embeddable":true,"href":"https:\/\/partyinabox.dk\/party\/wp-json\/wp\/v2\/product_tag?post=64954"}],"curies":[{"name":"wp","href":"https:\/\/api.w.org\/{rel}","templated":true}]}}