{"id":64918,"date":"2024-06-03T09:07:10","date_gmt":"2024-06-03T07:07:10","guid":{"rendered":"https:\/\/partyinabox.dk\/party\/?post_type=product&#038;p=64918"},"modified":"2026-04-03T17:25:42","modified_gmt":"2026-04-03T15:25:42","slug":"lilla-80er-bordloeber","status":"publish","type":"product","link":"https:\/\/partyinabox.dk\/party\/vare\/lilla-80er-bordloeber\/","title":{"rendered":"Lilla 80&#8217;er bordl\u00f8ber"},"content":{"rendered":"<p>Hold den fedeste 80&#8217;er fest eller neonfest, s\u00e5 pynt bordet med denne lilla bordl\u00f8ber, hvor p\u00e5 der er en masse 80&#8217;er og neon ting.<\/p>\n<p>Indhold: 1 stk \/ M\u00e5l: 30 x 300 cm<\/p>\n","protected":false},"excerpt":{"rendered":"<p>Hold den fedeste 80&#8217;er fest eller neonfest, s\u00e5 pynt bordet med denne lilla bordl\u00f8ber, hvor p\u00e5 der er en masse 80&#8217;er og neon ting. Indhold: 1 stk \/ M\u00e5l: 30 x 300 cm<\/p>\n","protected":false},"featured_media":64919,"template":"","meta":{"_acf_changed":false},"product_brand":[],"product_cat":[32],"product_tag":[],"class_list":{"0":"post-64918","1":"product","2":"type-product","3":"status-publish","4":"has-post-thumbnail","6":"product_cat-service","8":"first","9":"instock","10":"taxable","11":"shipping-taxable","12":"purchasable","13":"product-type-simple"},"bundled_by":[],"bundle_stock_status":"instock","bundle_stock_quantity":301,"bundle_virtual":false,"bundle_layout":"","bundle_add_to_cart_form_location":"","bundle_editable_in_cart":false,"bundle_sold_individually_context":"","bundle_item_grouping":"","bundle_min_size":"","bundle_max_size":"","bundle_price":[],"bundled_items":[],"bundle_sell_ids":[],"acf":[],"tiered_pricing_type":"fixed","tiered_pricing_fixed_rules":[],"tiered_pricing_product_settings":{"layout":"default","base_unit_name":{"singular":null,"plural":null},"default_variation":null},"tiered_pricing_minimum_quantity":null,"tiered_pricing_roles_data":[],"tiered_pricing_percentage_rules":[],"tiered_pricing_maximum_quantity":null,"tiered_pricing_quantity_step":null,"_links":{"self":[{"href":"https:\/\/partyinabox.dk\/party\/wp-json\/wp\/v2\/product\/64918","targetHints":{"allow":["GET"]}}],"collection":[{"href":"https:\/\/partyinabox.dk\/party\/wp-json\/wp\/v2\/product"}],"about":[{"href":"https:\/\/partyinabox.dk\/party\/wp-json\/wp\/v2\/types\/product"}],"wp:featuredmedia":[{"embeddable":true,"href":"https:\/\/partyinabox.dk\/party\/wp-json\/wp\/v2\/media\/64919"}],"wp:attachment":[{"href":"https:\/\/partyinabox.dk\/party\/wp-json\/wp\/v2\/media?parent=64918"}],"wp:term":[{"taxonomy":"product_brand","embeddable":true,"href":"https:\/\/partyinabox.dk\/party\/wp-json\/wp\/v2\/product_brand?post=64918"},{"taxonomy":"product_cat","embeddable":true,"href":"https:\/\/partyinabox.dk\/party\/wp-json\/wp\/v2\/product_cat?post=64918"},{"taxonomy":"product_tag","embeddable":true,"href":"https:\/\/partyinabox.dk\/party\/wp-json\/wp\/v2\/product_tag?post=64918"}],"curies":[{"name":"wp","href":"https:\/\/api.w.org\/{rel}","templated":true}]}}