{"id":64520,"date":"2024-05-28T11:48:16","date_gmt":"2024-05-28T09:48:16","guid":{"rendered":"https:\/\/partyinabox.dk\/party\/?post_type=product&#038;p=64520"},"modified":"2026-04-09T07:37:52","modified_gmt":"2026-04-09T05:37:52","slug":"oktoberfest-glasbrikker","status":"publish","type":"product","link":"https:\/\/partyinabox.dk\/party\/vare\/oktoberfest-glasbrikker\/","title":{"rendered":"Oktoberfest glasbrikker"},"content":{"rendered":"<p>De her sjove glasbrikker er b\u00e5de festlig men ogs\u00e5 praktisk. Brug dem i din bordopd\u00e6kning og l\u00e6g en brik til hver af din g\u00e6st. Have eventuelt ekstra brikker i baren.<\/p>\n<p>Glasbrikkerne g\u00f8r, at de ikke afm\u00e6rker bordet eller at dugen bliver v\u00e5d. Derudover er glasbrikkerne meget sjove, og passer perfekt ind i oktoberfest stilen.<\/p>\n<p>Som baggrund har brikkerne de bl\u00e5\/hvid ternet, desuden st\u00e5r der en tyroler med \u00f8l i h\u00e5nden og teksten &#8220;Beer party&#8221;.<\/p>\n<p>Selvom brikkerne er mest egnet til oktoberfest, kan de ogs\u00e5 nemt bruges til havefest, polterabend eller \u00f8lfest.<\/p>\n<p>Du f\u00e5r 10 stk. i pakken<\/p>\n<p>10 cm.<\/p>\n","protected":false},"excerpt":{"rendered":"<p>De her sjove glasbrikker er b\u00e5de festlig men ogs\u00e5 praktisk. Brug dem i din bordopd\u00e6kning og l\u00e6g en brik til hver af din g\u00e6st. Have eventuelt ekstra brikker i baren. Glasbrikkerne g\u00f8r, at de ikke afm\u00e6rker bordet eller at dugen [&hellip;]<\/p>\n","protected":false},"featured_media":64521,"template":"","meta":{"_acf_changed":false},"product_brand":[],"product_cat":[34],"product_tag":[],"class_list":{"0":"post-64520","1":"product","2":"type-product","3":"status-publish","4":"has-post-thumbnail","6":"product_cat-accessories","8":"first","9":"instock","10":"taxable","11":"shipping-taxable","12":"purchasable","13":"product-type-simple"},"bundled_by":[],"bundle_stock_status":"instock","bundle_stock_quantity":110,"bundle_virtual":false,"bundle_layout":"","bundle_add_to_cart_form_location":"","bundle_editable_in_cart":false,"bundle_sold_individually_context":"","bundle_item_grouping":"","bundle_min_size":"","bundle_max_size":"","bundle_price":[],"bundled_items":[],"bundle_sell_ids":[],"acf":[],"tiered_pricing_type":"fixed","tiered_pricing_fixed_rules":[],"tiered_pricing_product_settings":{"layout":"default","base_unit_name":{"singular":null,"plural":null},"default_variation":null},"tiered_pricing_minimum_quantity":null,"tiered_pricing_roles_data":[],"tiered_pricing_percentage_rules":[],"tiered_pricing_maximum_quantity":null,"tiered_pricing_quantity_step":null,"_links":{"self":[{"href":"https:\/\/partyinabox.dk\/party\/wp-json\/wp\/v2\/product\/64520","targetHints":{"allow":["GET"]}}],"collection":[{"href":"https:\/\/partyinabox.dk\/party\/wp-json\/wp\/v2\/product"}],"about":[{"href":"https:\/\/partyinabox.dk\/party\/wp-json\/wp\/v2\/types\/product"}],"wp:featuredmedia":[{"embeddable":true,"href":"https:\/\/partyinabox.dk\/party\/wp-json\/wp\/v2\/media\/64521"}],"wp:attachment":[{"href":"https:\/\/partyinabox.dk\/party\/wp-json\/wp\/v2\/media?parent=64520"}],"wp:term":[{"taxonomy":"product_brand","embeddable":true,"href":"https:\/\/partyinabox.dk\/party\/wp-json\/wp\/v2\/product_brand?post=64520"},{"taxonomy":"product_cat","embeddable":true,"href":"https:\/\/partyinabox.dk\/party\/wp-json\/wp\/v2\/product_cat?post=64520"},{"taxonomy":"product_tag","embeddable":true,"href":"https:\/\/partyinabox.dk\/party\/wp-json\/wp\/v2\/product_tag?post=64520"}],"curies":[{"name":"wp","href":"https:\/\/api.w.org\/{rel}","templated":true}]}}