{"id":64504,"date":"2024-05-28T11:12:07","date_gmt":"2024-05-28T09:12:07","guid":{"rendered":"https:\/\/partyinabox.dk\/party\/?post_type=product&#038;p=64504"},"modified":"2026-03-13T13:13:32","modified_gmt":"2026-03-13T12:13:32","slug":"oktoberfest-butterfly","status":"publish","type":"product","link":"https:\/\/partyinabox.dk\/party\/vare\/oktoberfest-butterfly\/","title":{"rendered":"Oktoberfest butterfly"},"content":{"rendered":"<p>Den bl\u00e5 og hvid ternet butterfly oser af oktoberfest og vil pifte dit outfit op.<\/p>\n<p>Butterflyen er unisex, og har en justerbar rem, s\u00e5 den er nem at tage p\u00e5, rette til og tage af.<\/p>\n<p>F\u00e5 det perfekte Oktoberfest look med den flotte butterfly.<\/p>\n<p>1 stk. i pakken.<\/p>\n<p>T\u00e5ler ikke vask<\/p>\n","protected":false},"excerpt":{"rendered":"<p>Den bl\u00e5 og hvid ternet butterfly oser af oktoberfest og vil pifte dit outfit op. Butterflyen er unisex, og har en justerbar rem, s\u00e5 den er nem at tage p\u00e5, rette til og tage af. F\u00e5 det perfekte Oktoberfest look [&hellip;]<\/p>\n","protected":false},"featured_media":69042,"template":"","meta":{"_acf_changed":false},"product_brand":[],"product_cat":[34],"product_tag":[],"class_list":{"0":"post-64504","1":"product","2":"type-product","3":"status-publish","4":"has-post-thumbnail","6":"product_cat-accessories","8":"first","9":"instock","10":"taxable","11":"shipping-taxable","12":"purchasable","13":"product-type-simple"},"bundled_by":[],"bundle_stock_status":"instock","bundle_stock_quantity":49,"bundle_virtual":false,"bundle_layout":"","bundle_add_to_cart_form_location":"","bundle_editable_in_cart":false,"bundle_sold_individually_context":"","bundle_item_grouping":"","bundle_min_size":"","bundle_max_size":"","bundle_price":[],"bundled_items":[],"bundle_sell_ids":[],"acf":[],"tiered_pricing_type":"fixed","tiered_pricing_fixed_rules":[],"tiered_pricing_product_settings":{"layout":"default","base_unit_name":{"singular":null,"plural":null},"default_variation":null},"tiered_pricing_minimum_quantity":null,"tiered_pricing_roles_data":[],"tiered_pricing_percentage_rules":[],"tiered_pricing_maximum_quantity":null,"tiered_pricing_quantity_step":null,"_links":{"self":[{"href":"https:\/\/partyinabox.dk\/party\/wp-json\/wp\/v2\/product\/64504","targetHints":{"allow":["GET"]}}],"collection":[{"href":"https:\/\/partyinabox.dk\/party\/wp-json\/wp\/v2\/product"}],"about":[{"href":"https:\/\/partyinabox.dk\/party\/wp-json\/wp\/v2\/types\/product"}],"wp:featuredmedia":[{"embeddable":true,"href":"https:\/\/partyinabox.dk\/party\/wp-json\/wp\/v2\/media\/69042"}],"wp:attachment":[{"href":"https:\/\/partyinabox.dk\/party\/wp-json\/wp\/v2\/media?parent=64504"}],"wp:term":[{"taxonomy":"product_brand","embeddable":true,"href":"https:\/\/partyinabox.dk\/party\/wp-json\/wp\/v2\/product_brand?post=64504"},{"taxonomy":"product_cat","embeddable":true,"href":"https:\/\/partyinabox.dk\/party\/wp-json\/wp\/v2\/product_cat?post=64504"},{"taxonomy":"product_tag","embeddable":true,"href":"https:\/\/partyinabox.dk\/party\/wp-json\/wp\/v2\/product_tag?post=64504"}],"curies":[{"name":"wp","href":"https:\/\/api.w.org\/{rel}","templated":true}]}}