{"id":64486,"date":"2024-12-06T00:00:00","date_gmt":"2024-12-05T23:00:00","guid":{"rendered":"https:\/\/partyinabox.dk\/party\/?post_type=product&#038;p=64486"},"modified":"2026-04-19T18:12:46","modified_gmt":"2026-04-19T16:12:46","slug":"lysroed-katte-rosettere","status":"publish","type":"product","link":"https:\/\/partyinabox.dk\/party\/vare\/lysroed-katte-rosettere\/","title":{"rendered":"Lyser\u00f8d katte rosetter"},"content":{"rendered":"<p>S\u00f8de lyser\u00f8de rosetter der ligner kattehoveder. Rosetterne har sm\u00e5 \u00f8re og knurh\u00e5r i guld.<\/p>\n<p>Du f\u00e5r 2 styk og de kan h\u00e6nges p\u00e5 v\u00e6ggen eller ned fra loftet, som pynt til din f\u00f8dselsdagsfest.<\/p>\n<p>&nbsp;<\/p>\n<p>Indhold: 2 stk \/ M\u00e5l: D26 cm<\/p>\n","protected":false},"excerpt":{"rendered":"<p>S\u00f8de lyser\u00f8de rosetter der ligner kattehoveder. Rosetterne har sm\u00e5 \u00f8re og knurh\u00e5r i guld. Du f\u00e5r 2 styk og de kan h\u00e6nges p\u00e5 v\u00e6ggen eller ned fra loftet, som pynt til din f\u00f8dselsdagsfest. &nbsp; Indhold: 2 stk \/ M\u00e5l: D26 [&hellip;]<\/p>\n","protected":false},"featured_media":64492,"template":"","meta":{"_acf_changed":false},"product_brand":[],"product_cat":[19,31],"product_tag":[],"class_list":{"0":"post-64486","1":"product","2":"type-product","3":"status-publish","4":"has-post-thumbnail","6":"product_cat-pynt","7":"product_cat-til-loftet","9":"first","10":"instock","11":"taxable","12":"shipping-taxable","13":"purchasable","14":"product-type-simple"},"bundled_by":[],"bundle_stock_status":"instock","bundle_stock_quantity":42,"bundle_virtual":false,"bundle_layout":"","bundle_add_to_cart_form_location":"","bundle_editable_in_cart":false,"bundle_sold_individually_context":"","bundle_item_grouping":"","bundle_min_size":"","bundle_max_size":"","bundle_price":[],"bundled_items":[],"bundle_sell_ids":[],"acf":[],"tiered_pricing_type":"fixed","tiered_pricing_fixed_rules":[],"tiered_pricing_product_settings":{"layout":"default","base_unit_name":{"singular":null,"plural":null},"default_variation":null},"tiered_pricing_minimum_quantity":null,"tiered_pricing_roles_data":[],"tiered_pricing_percentage_rules":[],"tiered_pricing_maximum_quantity":null,"tiered_pricing_quantity_step":null,"_links":{"self":[{"href":"https:\/\/partyinabox.dk\/party\/wp-json\/wp\/v2\/product\/64486","targetHints":{"allow":["GET"]}}],"collection":[{"href":"https:\/\/partyinabox.dk\/party\/wp-json\/wp\/v2\/product"}],"about":[{"href":"https:\/\/partyinabox.dk\/party\/wp-json\/wp\/v2\/types\/product"}],"wp:featuredmedia":[{"embeddable":true,"href":"https:\/\/partyinabox.dk\/party\/wp-json\/wp\/v2\/media\/64492"}],"wp:attachment":[{"href":"https:\/\/partyinabox.dk\/party\/wp-json\/wp\/v2\/media?parent=64486"}],"wp:term":[{"taxonomy":"product_brand","embeddable":true,"href":"https:\/\/partyinabox.dk\/party\/wp-json\/wp\/v2\/product_brand?post=64486"},{"taxonomy":"product_cat","embeddable":true,"href":"https:\/\/partyinabox.dk\/party\/wp-json\/wp\/v2\/product_cat?post=64486"},{"taxonomy":"product_tag","embeddable":true,"href":"https:\/\/partyinabox.dk\/party\/wp-json\/wp\/v2\/product_tag?post=64486"}],"curies":[{"name":"wp","href":"https:\/\/api.w.org\/{rel}","templated":true}]}}