{"id":64289,"date":"2024-05-24T09:50:54","date_gmt":"2024-05-24T07:50:54","guid":{"rendered":"https:\/\/partyinabox.dk\/party\/?post_type=product&#038;p=64289"},"modified":"2026-04-07T09:28:30","modified_gmt":"2026-04-07T07:28:30","slug":"oktoberfest-banner-bier-festival","status":"publish","type":"product","link":"https:\/\/partyinabox.dk\/party\/vare\/oktoberfest-banner-bier-festival\/","title":{"rendered":"Oktoberfest banner &#8220;Bier festival&#8221;"},"content":{"rendered":"<p>Den fede Bierfest banner er perfekt til din n\u00e6ste oktoberfest. Det er oplagt den kan h\u00e6nge ved indgangen og byde g\u00e6sterne velkommen.<\/p>\n<p>Den velkendte oktoberfest banner med de bl\u00e5\/hvide tern, \u00f8l og tyroler er af stof og kan genbruges \u00e5r efter \u00e5r.<\/p>\n<p>P\u00e5 banneret st\u00e5r der skrevet &#8220;Willkommen zum Bier festival&#8221;<\/p>\n<p>Du f\u00e5r 1 stk. i pakken.<\/p>\n<p>M\u00e5l: 180 x 40 cm.<\/p>\n","protected":false},"excerpt":{"rendered":"<p>Den fede Bierfest banner er perfekt til din n\u00e6ste oktoberfest. Det er oplagt den kan h\u00e6nge ved indgangen og byde g\u00e6sterne velkommen. Den velkendte oktoberfest banner med de bl\u00e5\/hvide tern, \u00f8l og tyroler er af stof og kan genbruges \u00e5r [&hellip;]<\/p>\n","protected":false},"featured_media":69040,"template":"","meta":{"_acf_changed":false},"product_brand":[],"product_cat":[19,31],"product_tag":[],"class_list":{"0":"post-64289","1":"product","2":"type-product","3":"status-publish","4":"has-post-thumbnail","6":"product_cat-pynt","7":"product_cat-til-loftet","9":"first","10":"instock","11":"taxable","12":"shipping-taxable","13":"purchasable","14":"product-type-simple"},"bundled_by":[],"bundle_stock_status":"instock","bundle_stock_quantity":31,"bundle_virtual":false,"bundle_layout":"","bundle_add_to_cart_form_location":"","bundle_editable_in_cart":false,"bundle_sold_individually_context":"","bundle_item_grouping":"","bundle_min_size":"","bundle_max_size":"","bundle_price":[],"bundled_items":[],"bundle_sell_ids":[],"acf":[],"tiered_pricing_type":"fixed","tiered_pricing_fixed_rules":[],"tiered_pricing_product_settings":{"layout":"default","base_unit_name":{"singular":null,"plural":null},"default_variation":null},"tiered_pricing_minimum_quantity":null,"tiered_pricing_roles_data":[],"tiered_pricing_percentage_rules":[],"tiered_pricing_maximum_quantity":null,"tiered_pricing_quantity_step":null,"_links":{"self":[{"href":"https:\/\/partyinabox.dk\/party\/wp-json\/wp\/v2\/product\/64289","targetHints":{"allow":["GET"]}}],"collection":[{"href":"https:\/\/partyinabox.dk\/party\/wp-json\/wp\/v2\/product"}],"about":[{"href":"https:\/\/partyinabox.dk\/party\/wp-json\/wp\/v2\/types\/product"}],"wp:featuredmedia":[{"embeddable":true,"href":"https:\/\/partyinabox.dk\/party\/wp-json\/wp\/v2\/media\/69040"}],"wp:attachment":[{"href":"https:\/\/partyinabox.dk\/party\/wp-json\/wp\/v2\/media?parent=64289"}],"wp:term":[{"taxonomy":"product_brand","embeddable":true,"href":"https:\/\/partyinabox.dk\/party\/wp-json\/wp\/v2\/product_brand?post=64289"},{"taxonomy":"product_cat","embeddable":true,"href":"https:\/\/partyinabox.dk\/party\/wp-json\/wp\/v2\/product_cat?post=64289"},{"taxonomy":"product_tag","embeddable":true,"href":"https:\/\/partyinabox.dk\/party\/wp-json\/wp\/v2\/product_tag?post=64289"}],"curies":[{"name":"wp","href":"https:\/\/api.w.org\/{rel}","templated":true}]}}