{"id":64274,"date":"2024-05-24T08:55:23","date_gmt":"2024-05-24T06:55:23","guid":{"rendered":"https:\/\/partyinabox.dk\/party\/?post_type=product&#038;p=64274"},"modified":"2026-04-10T21:05:40","modified_gmt":"2026-04-10T19:05:40","slug":"tiger-folie-ballon-tal-9","status":"publish","type":"product","link":"https:\/\/partyinabox.dk\/party\/vare\/tiger-folie-ballon-tal-9\/","title":{"rendered":"Tiger folie ballon tal 9"},"content":{"rendered":"<p>Hvilket barn elsker ikke tigere? Fyld denne folie tal ballon til dit barns 9 \u00e5rs f\u00f8dselsdag og v\u00e6r med til at fejre barnet. Folie ballonen er formet som er tiger, der ligner et 9 tal.<\/p>\n<p>M\u00e5ler 64 x 87\u00a0 cm n\u00e5r den ikke er pustet op og ca. 49 x 76 cm n\u00e5r den er pustet op.<\/p>\n<p>Der medf\u00f8lger suger\u00f8r hvis den skal pustes op med munden og ellers kan den ogs\u00e5 fyldes med helium, hvis den skal sv\u00e6ve.<\/p>\n<p>&nbsp;<\/p>\n<p>Indhold: 1 stk \/ M\u00e5l: 64 x 87\u00a0 cm<\/p>\n<p>&nbsp;<\/p>\n<p>Husk helium, hvis den skal sv\u00e6ve. Og evt. ballon v\u00e6gt og snor.<\/p>\n","protected":false},"excerpt":{"rendered":"<p>Hvilket barn elsker ikke tigere? Fyld denne folie tal ballon til dit barns 9 \u00e5rs f\u00f8dselsdag og v\u00e6r med til at fejre barnet. Folie ballonen er formet som er tiger, der ligner et 9 tal. M\u00e5ler 64 x 87\u00a0 cm [&hellip;]<\/p>\n","protected":false},"featured_media":64278,"template":"","meta":{"_acf_changed":false},"product_brand":[],"product_cat":[61],"product_tag":[],"class_list":{"0":"post-64274","1":"product","2":"type-product","3":"status-publish","4":"has-post-thumbnail","6":"product_cat-folie-tal","8":"first","9":"instock","10":"taxable","11":"shipping-taxable","12":"purchasable","13":"product-type-simple"},"bundled_by":[],"bundle_stock_status":"instock","bundle_stock_quantity":26,"bundle_virtual":false,"bundle_layout":"","bundle_add_to_cart_form_location":"","bundle_editable_in_cart":false,"bundle_sold_individually_context":"","bundle_item_grouping":"","bundle_min_size":"","bundle_max_size":"","bundle_price":[],"bundled_items":[],"bundle_sell_ids":[],"acf":[],"tiered_pricing_type":"fixed","tiered_pricing_fixed_rules":[],"tiered_pricing_product_settings":{"layout":"default","base_unit_name":{"singular":null,"plural":null},"default_variation":null},"tiered_pricing_minimum_quantity":null,"tiered_pricing_roles_data":[],"tiered_pricing_percentage_rules":[],"tiered_pricing_maximum_quantity":null,"tiered_pricing_quantity_step":null,"_links":{"self":[{"href":"https:\/\/partyinabox.dk\/party\/wp-json\/wp\/v2\/product\/64274","targetHints":{"allow":["GET"]}}],"collection":[{"href":"https:\/\/partyinabox.dk\/party\/wp-json\/wp\/v2\/product"}],"about":[{"href":"https:\/\/partyinabox.dk\/party\/wp-json\/wp\/v2\/types\/product"}],"wp:featuredmedia":[{"embeddable":true,"href":"https:\/\/partyinabox.dk\/party\/wp-json\/wp\/v2\/media\/64278"}],"wp:attachment":[{"href":"https:\/\/partyinabox.dk\/party\/wp-json\/wp\/v2\/media?parent=64274"}],"wp:term":[{"taxonomy":"product_brand","embeddable":true,"href":"https:\/\/partyinabox.dk\/party\/wp-json\/wp\/v2\/product_brand?post=64274"},{"taxonomy":"product_cat","embeddable":true,"href":"https:\/\/partyinabox.dk\/party\/wp-json\/wp\/v2\/product_cat?post=64274"},{"taxonomy":"product_tag","embeddable":true,"href":"https:\/\/partyinabox.dk\/party\/wp-json\/wp\/v2\/product_tag?post=64274"}],"curies":[{"name":"wp","href":"https:\/\/api.w.org\/{rel}","templated":true}]}}