{"id":64263,"date":"2024-05-24T08:41:01","date_gmt":"2024-05-24T06:41:01","guid":{"rendered":"https:\/\/partyinabox.dk\/party\/?post_type=product&#038;p=64263"},"modified":"2026-04-14T08:49:20","modified_gmt":"2026-04-14T06:49:20","slug":"krokodille-folie-ballon-tal-7","status":"publish","type":"product","link":"https:\/\/partyinabox.dk\/party\/vare\/krokodille-folie-ballon-tal-7\/","title":{"rendered":"Krokodille folie ballon tal 7"},"content":{"rendered":"<p>Fylder dit barn 7 \u00e5r, og er det vild med dyr eller krokodiller, er denne folie ballon perfekt. Folie ballonen er formet et 7 tal og en krokodille, og g\u00f8r f\u00f8dselsdagen mere festlig.<\/p>\n<p>M\u00e5ler ca. 56 x 86\u00a0 cm cm n\u00e5r den ikke er oppustet og ca. 49 x 73 cm n\u00e5r den er pustet op.<\/p>\n<p>Kan pustes op med helium eller almindelig luft. Der medf\u00f8lger suger\u00f8r til oppustning med munden.<\/p>\n<p>&nbsp;<\/p>\n<p>Indhold: 1 stk \/ M\u00e5l: 56 x 86\u00a0 cm<\/p>\n<p>&nbsp;<\/p>\n<p>Husk helium, hvis den skal sv\u00e6ve. Og evt. ballon v\u00e6gt og b\u00e5nd som snor.<\/p>\n","protected":false},"excerpt":{"rendered":"<p>Fylder dit barn 7 \u00e5r, og er det vild med dyr eller krokodiller, er denne folie ballon perfekt. Folie ballonen er formet et 7 tal og en krokodille, og g\u00f8r f\u00f8dselsdagen mere festlig. M\u00e5ler ca. 56 x 86\u00a0 cm cm [&hellip;]<\/p>\n","protected":false},"featured_media":64266,"template":"","meta":{"_acf_changed":false},"product_brand":[],"product_cat":[61],"product_tag":[],"class_list":{"0":"post-64263","1":"product","2":"type-product","3":"status-publish","4":"has-post-thumbnail","6":"product_cat-folie-tal","8":"first","9":"instock","10":"taxable","11":"shipping-taxable","12":"purchasable","13":"product-type-simple"},"bundled_by":[],"bundle_stock_status":"instock","bundle_stock_quantity":51,"bundle_virtual":false,"bundle_layout":"","bundle_add_to_cart_form_location":"","bundle_editable_in_cart":false,"bundle_sold_individually_context":"","bundle_item_grouping":"","bundle_min_size":"","bundle_max_size":"","bundle_price":[],"bundled_items":[],"bundle_sell_ids":[],"acf":[],"tiered_pricing_type":"fixed","tiered_pricing_fixed_rules":[],"tiered_pricing_product_settings":{"layout":"default","base_unit_name":{"singular":null,"plural":null},"default_variation":null},"tiered_pricing_minimum_quantity":null,"tiered_pricing_roles_data":[],"tiered_pricing_percentage_rules":[],"tiered_pricing_maximum_quantity":null,"tiered_pricing_quantity_step":null,"_links":{"self":[{"href":"https:\/\/partyinabox.dk\/party\/wp-json\/wp\/v2\/product\/64263","targetHints":{"allow":["GET"]}}],"collection":[{"href":"https:\/\/partyinabox.dk\/party\/wp-json\/wp\/v2\/product"}],"about":[{"href":"https:\/\/partyinabox.dk\/party\/wp-json\/wp\/v2\/types\/product"}],"wp:featuredmedia":[{"embeddable":true,"href":"https:\/\/partyinabox.dk\/party\/wp-json\/wp\/v2\/media\/64266"}],"wp:attachment":[{"href":"https:\/\/partyinabox.dk\/party\/wp-json\/wp\/v2\/media?parent=64263"}],"wp:term":[{"taxonomy":"product_brand","embeddable":true,"href":"https:\/\/partyinabox.dk\/party\/wp-json\/wp\/v2\/product_brand?post=64263"},{"taxonomy":"product_cat","embeddable":true,"href":"https:\/\/partyinabox.dk\/party\/wp-json\/wp\/v2\/product_cat?post=64263"},{"taxonomy":"product_tag","embeddable":true,"href":"https:\/\/partyinabox.dk\/party\/wp-json\/wp\/v2\/product_tag?post=64263"}],"curies":[{"name":"wp","href":"https:\/\/api.w.org\/{rel}","templated":true}]}}