{"id":64151,"date":"2025-05-12T00:00:00","date_gmt":"2025-05-11T22:00:00","guid":{"rendered":"https:\/\/partyinabox.dk\/party\/?post_type=product&#038;p=64151"},"modified":"2026-05-01T17:25:11","modified_gmt":"2026-05-01T15:25:11","slug":"sort-tusch-1mm","status":"publish","type":"product","link":"https:\/\/partyinabox.dk\/party\/vare\/sort-tusch-1mm\/","title":{"rendered":"Sort tusch 1mm"},"content":{"rendered":"<p>Mangler du en tusch, du kan bruge p\u00e5 mange forskellige slags materialer? S\u00e5 er Edding 370 tuschen noget for dig.<\/p>\n<p>Anvend den p\u00e5 bordkort, menukort, invitationer, gave\u00e6sker. Den sorte tusch er kendt for de dine detaljer og brede str\u00f8g.<\/p>\n<p>Af materialer kan du b\u00e5de bruge tuschen p\u00e5 papir, pap, stof, tr\u00e6 og sten.<\/p>\n<p>Du f\u00e5r 1 stk.<\/p>\n<p>M\u00e5l: 1 mm.<\/p>\n","protected":false},"excerpt":{"rendered":"<p>Mangler du en tusch, du kan bruge p\u00e5 mange forskellige slags materialer? S\u00e5 er Edding 370 tuschen noget for dig. Anvend den p\u00e5 bordkort, menukort, invitationer, gave\u00e6sker. Den sorte tusch er kendt for de dine detaljer og brede str\u00f8g. Af [&hellip;]<\/p>\n","protected":false},"featured_media":64152,"template":"","meta":{"_acf_changed":false},"product_brand":[],"product_cat":[15],"product_tag":[],"class_list":{"0":"post-64151","1":"product","2":"type-product","3":"status-publish","4":"has-post-thumbnail","6":"product_cat-ukategoriseret","8":"first","9":"instock","10":"taxable","11":"shipping-taxable","12":"purchasable","13":"product-type-simple"},"bundled_by":[],"bundle_stock_status":"instock","bundle_stock_quantity":62,"bundle_virtual":false,"bundle_layout":"","bundle_add_to_cart_form_location":"","bundle_editable_in_cart":false,"bundle_sold_individually_context":"","bundle_item_grouping":"","bundle_min_size":"","bundle_max_size":"","bundle_price":[],"bundled_items":[],"bundle_sell_ids":[],"acf":[],"tiered_pricing_type":"fixed","tiered_pricing_fixed_rules":[],"tiered_pricing_product_settings":{"layout":"default","base_unit_name":{"singular":null,"plural":null},"default_variation":null},"tiered_pricing_minimum_quantity":null,"tiered_pricing_roles_data":[],"tiered_pricing_percentage_rules":[],"tiered_pricing_maximum_quantity":null,"tiered_pricing_quantity_step":null,"_links":{"self":[{"href":"https:\/\/partyinabox.dk\/party\/wp-json\/wp\/v2\/product\/64151","targetHints":{"allow":["GET"]}}],"collection":[{"href":"https:\/\/partyinabox.dk\/party\/wp-json\/wp\/v2\/product"}],"about":[{"href":"https:\/\/partyinabox.dk\/party\/wp-json\/wp\/v2\/types\/product"}],"wp:featuredmedia":[{"embeddable":true,"href":"https:\/\/partyinabox.dk\/party\/wp-json\/wp\/v2\/media\/64152"}],"wp:attachment":[{"href":"https:\/\/partyinabox.dk\/party\/wp-json\/wp\/v2\/media?parent=64151"}],"wp:term":[{"taxonomy":"product_brand","embeddable":true,"href":"https:\/\/partyinabox.dk\/party\/wp-json\/wp\/v2\/product_brand?post=64151"},{"taxonomy":"product_cat","embeddable":true,"href":"https:\/\/partyinabox.dk\/party\/wp-json\/wp\/v2\/product_cat?post=64151"},{"taxonomy":"product_tag","embeddable":true,"href":"https:\/\/partyinabox.dk\/party\/wp-json\/wp\/v2\/product_tag?post=64151"}],"curies":[{"name":"wp","href":"https:\/\/api.w.org\/{rel}","templated":true}]}}