{"id":64109,"date":"2024-05-22T12:12:11","date_gmt":"2024-05-22T10:12:11","guid":{"rendered":"https:\/\/partyinabox.dk\/party\/?post_type=product&#038;p=64109"},"modified":"2026-03-17T08:08:58","modified_gmt":"2026-03-17T07:08:58","slug":"t-rex-dinosaur-banner","status":"publish","type":"product","link":"https:\/\/partyinabox.dk\/party\/vare\/t-rex-dinosaur-banner\/","title":{"rendered":"T-Rex Dinosaur Banner"},"content":{"rendered":"<p>Skal du holde dino fest? Eller en f\u00f8dselsdag med dinosaur tema? S\u00e5 skal du have fat i det her store banner.<\/p>\n<p>Det giver blinkfang og er b\u00e5de sjov for b\u00f8rn og voksne. H\u00e6ng det op bag\u00a0 baren eller gavebordet, kan b\u00e5de h\u00e6nge ude og indend\u00f8rs.<\/p>\n<p>Banneret er lavet af stof materiale og passer perfekt ind i T-rex temaet.<\/p>\n<p>Der medf\u00f8lger snor i pakken.<\/p>\n<p>1 stk. i pakken<\/p>\n<p>M\u00e5l: 210 x 150 cm<\/p>\n","protected":false},"excerpt":{"rendered":"<p>Skal du holde dino fest? Eller en f\u00f8dselsdag med dinosaur tema? S\u00e5 skal du have fat i det her store banner. Det giver blinkfang og er b\u00e5de sjov for b\u00f8rn og voksne. H\u00e6ng det op bag\u00a0 baren eller gavebordet, kan [&hellip;]<\/p>\n","protected":false},"featured_media":64112,"template":"","meta":{"_acf_changed":false},"product_brand":[],"product_cat":[19],"product_tag":[],"class_list":{"0":"post-64109","1":"product","2":"type-product","3":"status-publish","4":"has-post-thumbnail","6":"product_cat-pynt","8":"first","9":"instock","10":"taxable","11":"shipping-taxable","12":"purchasable","13":"product-type-simple"},"bundled_by":[],"bundle_stock_status":"instock","bundle_stock_quantity":10,"bundle_virtual":false,"bundle_layout":"","bundle_add_to_cart_form_location":"","bundle_editable_in_cart":false,"bundle_sold_individually_context":"","bundle_item_grouping":"","bundle_min_size":"","bundle_max_size":"","bundle_price":[],"bundled_items":[],"bundle_sell_ids":[],"acf":[],"tiered_pricing_type":"fixed","tiered_pricing_fixed_rules":[],"tiered_pricing_product_settings":{"layout":"default","base_unit_name":{"singular":null,"plural":null},"default_variation":null},"tiered_pricing_minimum_quantity":null,"tiered_pricing_roles_data":[],"tiered_pricing_percentage_rules":[],"tiered_pricing_maximum_quantity":null,"tiered_pricing_quantity_step":null,"_links":{"self":[{"href":"https:\/\/partyinabox.dk\/party\/wp-json\/wp\/v2\/product\/64109","targetHints":{"allow":["GET"]}}],"collection":[{"href":"https:\/\/partyinabox.dk\/party\/wp-json\/wp\/v2\/product"}],"about":[{"href":"https:\/\/partyinabox.dk\/party\/wp-json\/wp\/v2\/types\/product"}],"wp:featuredmedia":[{"embeddable":true,"href":"https:\/\/partyinabox.dk\/party\/wp-json\/wp\/v2\/media\/64112"}],"wp:attachment":[{"href":"https:\/\/partyinabox.dk\/party\/wp-json\/wp\/v2\/media?parent=64109"}],"wp:term":[{"taxonomy":"product_brand","embeddable":true,"href":"https:\/\/partyinabox.dk\/party\/wp-json\/wp\/v2\/product_brand?post=64109"},{"taxonomy":"product_cat","embeddable":true,"href":"https:\/\/partyinabox.dk\/party\/wp-json\/wp\/v2\/product_cat?post=64109"},{"taxonomy":"product_tag","embeddable":true,"href":"https:\/\/partyinabox.dk\/party\/wp-json\/wp\/v2\/product_tag?post=64109"}],"curies":[{"name":"wp","href":"https:\/\/api.w.org\/{rel}","templated":true}]}}