{"id":64085,"date":"2024-05-22T10:54:32","date_gmt":"2024-05-22T08:54:32","guid":{"rendered":"https:\/\/partyinabox.dk\/party\/?post_type=product&#038;p=64085"},"modified":"2026-04-06T23:05:09","modified_gmt":"2026-04-06T21:05:09","slug":"harry-potter-friends-konfetti","status":"publish","type":"product","link":"https:\/\/partyinabox.dk\/party\/vare\/harry-potter-friends-konfetti\/","title":{"rendered":"Harry Potter\u00ae &#038; Friends konfetti"},"content":{"rendered":"<p>Skal du holde Harry Potter fest eller b\u00f8rnef\u00f8dselsdag med dette tema, s\u00e5 vil konfettiet klart pynte p\u00e5 bordet.<\/p>\n<p>Du finder b\u00e5de Harry, Hermione, Ron, Hedwig p\u00e5 det seje konfetti og selvf\u00f8lgelig ogs\u00e5 det gyldne lyn. Det er ogs\u00e5 med spejlrefleks s\u00e5 det giver noget ekstra til bordet.<\/p>\n<p>Konfettien et et officielt licenseret Harry Potter\u00ae produkt.<\/p>\n<p>Indhold: 34 gram<\/p>\n","protected":false},"excerpt":{"rendered":"<p>Skal du holde Harry Potter fest eller b\u00f8rnef\u00f8dselsdag med dette tema, s\u00e5 vil konfettiet klart pynte p\u00e5 bordet. Du finder b\u00e5de Harry, Hermione, Ron, Hedwig p\u00e5 det seje konfetti og selvf\u00f8lgelig ogs\u00e5 det gyldne lyn. Det er ogs\u00e5 med spejlrefleks [&hellip;]<\/p>\n","protected":false},"featured_media":64087,"template":"","meta":{"_acf_changed":false},"product_brand":[],"product_cat":[32],"product_tag":[],"class_list":{"0":"post-64085","1":"product","2":"type-product","3":"status-publish","4":"has-post-thumbnail","6":"product_cat-service","8":"first","9":"instock","10":"taxable","11":"shipping-taxable","12":"purchasable","13":"product-type-simple"},"bundled_by":[],"bundle_stock_status":"instock","bundle_stock_quantity":166,"bundle_virtual":false,"bundle_layout":"","bundle_add_to_cart_form_location":"","bundle_editable_in_cart":false,"bundle_sold_individually_context":"","bundle_item_grouping":"","bundle_min_size":"","bundle_max_size":"","bundle_price":[],"bundled_items":[],"bundle_sell_ids":[],"acf":[],"tiered_pricing_type":"fixed","tiered_pricing_fixed_rules":[],"tiered_pricing_product_settings":{"layout":"default","base_unit_name":{"singular":null,"plural":null},"default_variation":null},"tiered_pricing_minimum_quantity":null,"tiered_pricing_roles_data":[],"tiered_pricing_percentage_rules":[],"tiered_pricing_maximum_quantity":null,"tiered_pricing_quantity_step":null,"_links":{"self":[{"href":"https:\/\/partyinabox.dk\/party\/wp-json\/wp\/v2\/product\/64085","targetHints":{"allow":["GET"]}}],"collection":[{"href":"https:\/\/partyinabox.dk\/party\/wp-json\/wp\/v2\/product"}],"about":[{"href":"https:\/\/partyinabox.dk\/party\/wp-json\/wp\/v2\/types\/product"}],"wp:featuredmedia":[{"embeddable":true,"href":"https:\/\/partyinabox.dk\/party\/wp-json\/wp\/v2\/media\/64087"}],"wp:attachment":[{"href":"https:\/\/partyinabox.dk\/party\/wp-json\/wp\/v2\/media?parent=64085"}],"wp:term":[{"taxonomy":"product_brand","embeddable":true,"href":"https:\/\/partyinabox.dk\/party\/wp-json\/wp\/v2\/product_brand?post=64085"},{"taxonomy":"product_cat","embeddable":true,"href":"https:\/\/partyinabox.dk\/party\/wp-json\/wp\/v2\/product_cat?post=64085"},{"taxonomy":"product_tag","embeddable":true,"href":"https:\/\/partyinabox.dk\/party\/wp-json\/wp\/v2\/product_tag?post=64085"}],"curies":[{"name":"wp","href":"https:\/\/api.w.org\/{rel}","templated":true}]}}