{"id":63875,"date":"2024-07-03T00:00:00","date_gmt":"2024-07-02T22:00:00","guid":{"rendered":"https:\/\/partyinabox.dk\/party\/?post_type=product&#038;p=63875"},"modified":"2026-04-29T12:15:16","modified_gmt":"2026-04-29T10:15:16","slug":"pokemon-pikachu-tallerken","status":"publish","type":"product","link":"https:\/\/partyinabox.dk\/party\/vare\/pokemon-pikachu-tallerken\/","title":{"rendered":"Pok\u00e9mon\u00ae Pikachu tallerken"},"content":{"rendered":"<p>D\u00e6k dit bord med de fede pokemon tallerkner med Pikachu p\u00e5. Bliv klar til b\u00f8rnef\u00f8dselsdag eller f\u00f8dselsdag med pokemon tema med de seje tallerkner.<\/p>\n<p>De sorte tallerkner finder du b\u00e5de Pikachu, lyn og Pokemon balls. De er alle med kant, s\u00e5 det er sv\u00e6rere at spilde. Det er helt sikkert et hit hos b\u00f8rnene.<\/p>\n<p>Servere kage, frugt eller andre snacks p\u00e5 dem.<\/p>\n<p>Indhold: 8 stk.<\/p>\n<p>M\u00e5l: 23 cm<\/p>\n","protected":false},"excerpt":{"rendered":"<p>D\u00e6k dit bord med de fede pokemon tallerkner med Pikachu p\u00e5. Bliv klar til b\u00f8rnef\u00f8dselsdag eller f\u00f8dselsdag med pokemon tema med de seje tallerkner. De sorte tallerkner finder du b\u00e5de Pikachu, lyn og Pokemon balls. De er alle med kant, [&hellip;]<\/p>\n","protected":false},"featured_media":98243,"template":"","meta":{"_acf_changed":false},"product_brand":[],"product_cat":[32],"product_tag":[],"class_list":{"0":"post-63875","1":"product","2":"type-product","3":"status-publish","4":"has-post-thumbnail","6":"product_cat-service","8":"first","9":"instock","10":"taxable","11":"shipping-taxable","12":"purchasable","13":"product-type-simple"},"bundled_by":[],"bundle_stock_status":"instock","bundle_stock_quantity":259,"bundle_virtual":false,"bundle_layout":"","bundle_add_to_cart_form_location":"","bundle_editable_in_cart":false,"bundle_sold_individually_context":"","bundle_item_grouping":"","bundle_min_size":"","bundle_max_size":"","bundle_price":[],"bundled_items":[],"bundle_sell_ids":[],"acf":[],"tiered_pricing_type":"fixed","tiered_pricing_fixed_rules":[],"tiered_pricing_product_settings":{"layout":"default","base_unit_name":{"singular":null,"plural":null},"default_variation":null},"tiered_pricing_minimum_quantity":null,"tiered_pricing_roles_data":[],"tiered_pricing_percentage_rules":[],"tiered_pricing_maximum_quantity":null,"tiered_pricing_quantity_step":null,"_links":{"self":[{"href":"https:\/\/partyinabox.dk\/party\/wp-json\/wp\/v2\/product\/63875","targetHints":{"allow":["GET"]}}],"collection":[{"href":"https:\/\/partyinabox.dk\/party\/wp-json\/wp\/v2\/product"}],"about":[{"href":"https:\/\/partyinabox.dk\/party\/wp-json\/wp\/v2\/types\/product"}],"wp:featuredmedia":[{"embeddable":true,"href":"https:\/\/partyinabox.dk\/party\/wp-json\/wp\/v2\/media\/98243"}],"wp:attachment":[{"href":"https:\/\/partyinabox.dk\/party\/wp-json\/wp\/v2\/media?parent=63875"}],"wp:term":[{"taxonomy":"product_brand","embeddable":true,"href":"https:\/\/partyinabox.dk\/party\/wp-json\/wp\/v2\/product_brand?post=63875"},{"taxonomy":"product_cat","embeddable":true,"href":"https:\/\/partyinabox.dk\/party\/wp-json\/wp\/v2\/product_cat?post=63875"},{"taxonomy":"product_tag","embeddable":true,"href":"https:\/\/partyinabox.dk\/party\/wp-json\/wp\/v2\/product_tag?post=63875"}],"curies":[{"name":"wp","href":"https:\/\/api.w.org\/{rel}","templated":true}]}}