{"id":63854,"date":"2024-05-17T08:27:56","date_gmt":"2024-05-17T06:27:56","guid":{"rendered":"https:\/\/partyinabox.dk\/party\/?post_type=product&#038;p=63854"},"modified":"2026-05-01T18:29:38","modified_gmt":"2026-05-01T16:29:38","slug":"paw-patrol-marshall-folie-ballon","status":"publish","type":"product","link":"https:\/\/partyinabox.dk\/party\/vare\/paw-patrol-marshall-folie-ballon\/","title":{"rendered":"Paw Patrol\u00ae Marshall folie ballon"},"content":{"rendered":"<p>Oppustelig Paw Patrol\u00ae Marshall folie ballon som passer perfekt ind i Paw Patrol\u00ae temaet eller hvis dit barn elsker Paw Patrol\u00ae eller brandm\u00e6nd.<\/p>\n<p>For at f\u00e5 ballonen til at sv\u00e6ve, kan du fylde den med helium.<\/p>\n<p>Indhold: 1 stk \/ M\u00e5l: 46 x 74 cm<\/p>\n<p>&nbsp;<\/p>\n<p>Obs: Husk at k\u00f8be helium og evt. snor og ballon v\u00e6gt.<\/p>\n","protected":false},"excerpt":{"rendered":"<p>Oppustelig Paw Patrol\u00ae Marshall folie ballon som passer perfekt ind i Paw Patrol\u00ae temaet eller hvis dit barn elsker Paw Patrol\u00ae eller brandm\u00e6nd. For at f\u00e5 ballonen til at sv\u00e6ve, kan du fylde den med helium. Indhold: 1 stk \/ [&hellip;]<\/p>\n","protected":false},"featured_media":63855,"template":"","meta":{"_acf_changed":false},"product_brand":[],"product_cat":[30],"product_tag":[],"class_list":{"0":"post-63854","1":"product","2":"type-product","3":"status-publish","4":"has-post-thumbnail","6":"product_cat-balloner","8":"first","9":"instock","10":"taxable","11":"shipping-taxable","12":"purchasable","13":"product-type-simple"},"bundled_by":[],"bundle_stock_status":"instock","bundle_stock_quantity":174,"bundle_virtual":false,"bundle_layout":"","bundle_add_to_cart_form_location":"","bundle_editable_in_cart":false,"bundle_sold_individually_context":"","bundle_item_grouping":"","bundle_min_size":"","bundle_max_size":"","bundle_price":[],"bundled_items":[],"bundle_sell_ids":[],"acf":[],"tiered_pricing_type":"fixed","tiered_pricing_fixed_rules":[],"tiered_pricing_product_settings":{"layout":"default","base_unit_name":{"singular":null,"plural":null},"default_variation":null},"tiered_pricing_minimum_quantity":null,"tiered_pricing_roles_data":[],"tiered_pricing_percentage_rules":[],"tiered_pricing_maximum_quantity":null,"tiered_pricing_quantity_step":null,"_links":{"self":[{"href":"https:\/\/partyinabox.dk\/party\/wp-json\/wp\/v2\/product\/63854","targetHints":{"allow":["GET"]}}],"collection":[{"href":"https:\/\/partyinabox.dk\/party\/wp-json\/wp\/v2\/product"}],"about":[{"href":"https:\/\/partyinabox.dk\/party\/wp-json\/wp\/v2\/types\/product"}],"wp:featuredmedia":[{"embeddable":true,"href":"https:\/\/partyinabox.dk\/party\/wp-json\/wp\/v2\/media\/63855"}],"wp:attachment":[{"href":"https:\/\/partyinabox.dk\/party\/wp-json\/wp\/v2\/media?parent=63854"}],"wp:term":[{"taxonomy":"product_brand","embeddable":true,"href":"https:\/\/partyinabox.dk\/party\/wp-json\/wp\/v2\/product_brand?post=63854"},{"taxonomy":"product_cat","embeddable":true,"href":"https:\/\/partyinabox.dk\/party\/wp-json\/wp\/v2\/product_cat?post=63854"},{"taxonomy":"product_tag","embeddable":true,"href":"https:\/\/partyinabox.dk\/party\/wp-json\/wp\/v2\/product_tag?post=63854"}],"curies":[{"name":"wp","href":"https:\/\/api.w.org\/{rel}","templated":true}]}}