{"id":63807,"date":"2024-05-16T12:44:56","date_gmt":"2024-05-16T10:44:56","guid":{"rendered":"https:\/\/partyinabox.dk\/party\/?post_type=product&#038;p=63807"},"modified":"2026-04-14T15:56:50","modified_gmt":"2026-04-14T13:56:50","slug":"roed-folie-ballon-tillykke-med-huen","status":"publish","type":"product","link":"https:\/\/partyinabox.dk\/party\/vare\/roed-folie-ballon-tillykke-med-huen\/","title":{"rendered":"R\u00f8d folie ballon &#8220;Tillykke med huen&#8221;"},"content":{"rendered":"<p>Rund r\u00f8d folieballon med hvorp\u00e5 der st\u00e5r &#8220;Tillykke med huen&#8221;. Ballonen og studenterhuen er r\u00f8d, og passer derfor perfekt til en r\u00f8d student.<\/p>\n<p>HUSK helium hvis den skal sv\u00e6ve.<\/p>\n<p>Indhold: 1 stk\/ M\u00e5l: 45 cm<\/p>\n","protected":false},"excerpt":{"rendered":"<p>Rund r\u00f8d folieballon med hvorp\u00e5 der st\u00e5r &#8220;Tillykke med huen&#8221;. Ballonen og studenterhuen er r\u00f8d, og passer derfor perfekt til en r\u00f8d student. HUSK helium hvis den skal sv\u00e6ve. Indhold: 1 stk\/ M\u00e5l: 45 cm<\/p>\n","protected":false},"featured_media":63808,"template":"","meta":{"_acf_changed":false},"product_brand":[],"product_cat":[30],"product_tag":[],"class_list":{"0":"post-63807","1":"product","2":"type-product","3":"status-publish","4":"has-post-thumbnail","6":"product_cat-balloner","8":"first","9":"instock","10":"taxable","11":"shipping-taxable","12":"purchasable","13":"product-type-simple"},"bundled_by":[],"bundle_stock_status":"instock","bundle_stock_quantity":2505,"bundle_virtual":false,"bundle_layout":"","bundle_add_to_cart_form_location":"","bundle_editable_in_cart":false,"bundle_sold_individually_context":"","bundle_item_grouping":"","bundle_min_size":"","bundle_max_size":"","bundle_price":[],"bundled_items":[],"bundle_sell_ids":[],"acf":[],"tiered_pricing_type":"fixed","tiered_pricing_fixed_rules":[],"tiered_pricing_product_settings":{"layout":"default","base_unit_name":{"singular":null,"plural":null},"default_variation":null},"tiered_pricing_minimum_quantity":null,"tiered_pricing_roles_data":[],"tiered_pricing_percentage_rules":[],"tiered_pricing_maximum_quantity":null,"tiered_pricing_quantity_step":null,"_links":{"self":[{"href":"https:\/\/partyinabox.dk\/party\/wp-json\/wp\/v2\/product\/63807","targetHints":{"allow":["GET"]}}],"collection":[{"href":"https:\/\/partyinabox.dk\/party\/wp-json\/wp\/v2\/product"}],"about":[{"href":"https:\/\/partyinabox.dk\/party\/wp-json\/wp\/v2\/types\/product"}],"wp:featuredmedia":[{"embeddable":true,"href":"https:\/\/partyinabox.dk\/party\/wp-json\/wp\/v2\/media\/63808"}],"wp:attachment":[{"href":"https:\/\/partyinabox.dk\/party\/wp-json\/wp\/v2\/media?parent=63807"}],"wp:term":[{"taxonomy":"product_brand","embeddable":true,"href":"https:\/\/partyinabox.dk\/party\/wp-json\/wp\/v2\/product_brand?post=63807"},{"taxonomy":"product_cat","embeddable":true,"href":"https:\/\/partyinabox.dk\/party\/wp-json\/wp\/v2\/product_cat?post=63807"},{"taxonomy":"product_tag","embeddable":true,"href":"https:\/\/partyinabox.dk\/party\/wp-json\/wp\/v2\/product_tag?post=63807"}],"curies":[{"name":"wp","href":"https:\/\/api.w.org\/{rel}","templated":true}]}}